{"id":368,"date":"2021-06-15T09:32:30","date_gmt":"2021-06-15T09:32:30","guid":{"rendered":"https:\/\/www.actinyouth.eu\/?page_id=368"},"modified":"2023-08-07T12:27:05","modified_gmt":"2023-08-07T11:27:05","slug":"the-project","status":"publish","type":"page","link":"https:\/\/www.actinyouth.eu\/ca\/the-project\/","title":{"rendered":"El proyecte"},"content":{"rendered":"\n<p>El principal objectiu d\u2019ACTin\u2019YouTH \u00e9s fomentar les compet\u00e8ncies interculturals dels i les treballadores juvenils amb metodologies teatrals orientades a la creaci\u00f3 de tallers locals de teatre per la inclusi\u00f3 social de joves amb diferents antecedents culturals, en risc d\u2019exclusi\u00f3 social.<\/p>\n\n\n\n<p>Els i les treballadores juvenils adquiriran compet\u00e8ncies en el camp de la comunicaci\u00f3 no violenta, la resoluci\u00f3 de conflictes i la facilitaci\u00f3, i desenvoluparan les seves habilitats comunicatives a trav\u00e9s de metodologies teatrals i cercles de narraci\u00f3, millorant aix\u00ed les seves compet\u00e8ncies de comunicaci\u00f3 intercultural i els abordatges innovadors per la participaci\u00f3 de grups desfavorits o infrarepresentats, per fer front a la discriminaci\u00f3 i l\u2019exclusi\u00f3 social.<\/p>\n\n\n\n<p>Gr\u00e0cies a un entorn acollidor i atractiu, als tallers de teatre, els i les joves participants milloraran notablement les seves habilitats generals de comunicaci\u00f3, col\u00b7laboraci\u00f3 i empatia; tamb\u00e9 desenvoluparan les 9 compet\u00e8ncies establertes pel marc Lifecomp (2020). A trav\u00e9s d\u2019una participaci\u00f3 activa als tallers de teatre, els i les joves migrades, refugiades, sol\u00b7licitants d\u2019asil, grups \u00e8tnics minoritaris, es convertiran en \u00abjoves actors interculturals per la inclusi\u00f3 social\u00bb, millorant notablement la confian\u00e7a en un mateix i motivaci\u00f3, aix\u00ed com l\u2019adquisici\u00f3 d\u2019habilitats i compet\u00e8ncies rellevants, coneixement dels valors europeus i les diferents cultures que hi conviuen. A m\u00e9s, gr\u00e0cies a una plataforma virtual interactiva, tots i totes les participants tindran l\u2019oportunitat d\u2019interactuar, intercanviar idees, materials i crear una performance digital final.<\/p>\n\n\n\n<p>Creiem que el di\u00e0leg intercultural entre els i les joves es pot veure beneficiat per la creativitat i les metodologies d&#8217;actuaci\u00f3, ja que aprenen a posar en pr\u00e0ctica el di\u00e0leg intercultural, adquireixen una forma alternativa d&#8217;expressar-se a si mateixos i tamb\u00e9 els trets culturals dels col\u00b7lectius als quals pertanyen.<\/p>\n\n\n\n<h3 class=\"wp-block-heading\">Participants:<\/h3>\n\n\n\n<p><strong>Treballadores i treballadors juvenils<\/strong> que treballen amb joves en risc d\u2019exclusi\u00f3 social, en concret amb aquells que tenen diferents antecedents culturals o una experi\u00e8ncia de migraci\u00f3.<\/p>\n\n\n\n<p><strong>Joves d\u2019entre 16 i 30 anys<\/strong>, persones migrades nouvingudes, persones refugiades i sol\u00b7licitants d\u2019asil, joves immigrats de segona generaci\u00f3, joves pertanyents a minories culturals, joves aut\u00f2ctons i artistes que desitgin endinsar-se en la comunicaci\u00f3 intercultural. Els i les participants amb menors oportunitats son el grup objectiu principal i els i les participants beneficiaries de tota l\u2019estructura i disseny del projecte. El projecte ha estat dissenyat per a posar els i les joves al centre de totes les activitats, convertint-les en veritables protagonistes i en una part activa del projecte.<\/p>\n\n\n\n<p>Els nostres objectius espec\u00edfics son:<\/p>\n\n\n\n<ul class=\"wp-block-list\"><li>Desenvolupar un curs de formaci\u00f3 basat en el teatre com a eina per a millorar les compet\u00e8ncies interculturals i les habilitats socials de les i els treballadors juvenils, destinat a atraure l&#8217;atenci\u00f3 i involucrar als i les joves,<\/li><li>realitzar tallers locals de teatre intercultural i activitats en l\u00ednia,<\/li><li>crear una performance digital col\u00b7laborativa,<\/li><li>desenvolupar una plataforma i eines interactives col\u00b7laboratives.<\/li><\/ul>\n\n\n\n<h3 class=\"wp-block-heading\">Prioritats<\/h3>\n\n\n\n<p>El desenvolupament i integraci\u00f3 d\u2019habilitats a trav\u00e9s de la creativitat i les arts.<br>El foment de la qualitat, la innovaci\u00f3 i el reconeixement del treball juvenil.<br>El foment de la participaci\u00f3, la connexi\u00f3 i l\u2019empoderament dels i les joves.<\/p>\n\n\n\n<h3 class=\"wp-block-heading\">El nostre context<\/h3>\n\n\n\n<p>Els i les treballadores juvenils dels pa\u00efsos participants en el projecte assenyalen que no estan suficientment capacitades per abordar els problemes als que han de fer front els i les joves amb menys oportunitats i\/o antecedents culturals diferents degut a la situaci\u00f3 actual. Nombroses investigacions socials informen que els i les joves migrants sovint han de fer front a serioses desavantatges a les nostres societats, com el mercat laboral o el sistema educatiu. No obstant, l\u2019experi\u00e8ncia dels nostres socis i s\u00f2cies mostra que durant l\u2019emerg\u00e8ncia sanit\u00e0ria mundial, aquestes joves han estat massa exposades a problemes socioecon\u00f2mics, a\u00efllament i risc d\u2019infectar-se pel virus. A m\u00e9s, els i les treballadores culturals o educatives, i per tant, ACTin\u2019YouTH t\u00e9 com a objectiu empoderar als i les joves i a les organitzacions juvenils mitjan\u00e7ant el desenvolupament de programes per fomentar l\u2019empoderament personal, social i cultural, posant especial \u00e8mfasis al foment del comprom\u00eds juvenil en l\u2019educaci\u00f3 intercultural i en una estrat\u00e8gia centrada en la joventut a trav\u00e9s de l\u2019educaci\u00f3 no formal.<\/p>\n\n\n\n<h3 class=\"wp-block-heading\">Resultats previstos:<\/h3>\n\n\n\n<ul class=\"wp-block-list\"><li><strong>Treballadors i treballadores juvenils<\/strong> de 6 pa\u00efsos diferents seran formades amb metodologies de comunicaci\u00f3 intercultural i teatral. Aquests treballadors juvenils implementaran, a nivell local, tallers de teatre local per involucrar millor els i les joves en risc d&#8217;exclusi\u00f3 social, en particular a aquelles amb diferents antecedents culturals; tamb\u00e9 realitzaran activitats de formaci\u00f3 entre iguals per tal de compartir amb la resta de companyes i companys aquestes metodologies, amb l&#8217;objectiu d&#8217;aconseguir que l&#8217;impacte del projecte sigui m\u00e9s ampli i millorar les habilitats relacionals i comunicatives per aplicar-les en el seu treball diari amb els i les joves, i involucrar-les de manera efectiva en altres projectes.<\/li><li><strong>Els i les joves<\/strong> amb antecedents culturals diferents que participen en les activitats locals, tindran l&#8217;oportunitat d&#8217;interactuar amb altres joves, trobant formes comuns de comunicaci\u00f3, interacci\u00f3, comprensi\u00f3 m\u00fatua i col\u00b7laboraci\u00f3.<\/li><li>Una <strong>plataforma interactiva<\/strong>: per facilitar que els i les joves participants de tots els pa\u00efsos socis intercanvi\u00efn les seves idees, resultats i materials sobre les activitats en curs (a nivell local i internacional), que romandran m\u00e9s enll\u00e0 de la vida \u00fatil del projecte com a repositori de bones pr\u00e0ctiques desenvolupades durant el projecte i com a eina de formaci\u00f3 en l\u00ednia per a m\u00e9s joves treballadors i joves que vulguin apropar-se a la metodologia.<\/li><li>Un <strong>manual<\/strong> que recollir\u00e0 els resultats dels projectes, els reptes espec\u00edfics i les solucions implementades amb l&#8217;objectiu de difondre&#8217;ls encara m\u00e9s a nivell nacional i internacional, especialment dirigit a organitzacions juvenils i autoritats p\u00fabliques que estiguin interessades en crear, a nivell local, tallers interculturals adre\u00e7ats a afavorir la inclusi\u00f3 dels i les joves.<\/li><li>Una<strong> xarxa virtual <\/strong>de totes les organitzacions, associacions, grups informals de joves que treballin amb el teatre i les arts esc\u00e8niques com a eina per la inclusi\u00f3 social i el di\u00e0leg intercultural.<\/li><li>La <strong>internacionalitzaci\u00f3 d\u2019una nova metodologia.<\/strong><\/li><\/ul>\n\n\n\n<p><\/p>\n","protected":false},"excerpt":{"rendered":"<p>El principal objectiu d\u2019ACTin\u2019YouTH \u00e9s fomentar les compet\u00e8ncies interculturals dels i les treballadores juvenils amb metodologies teatrals orientades a la creaci\u00f3 de tallers locals de teatre per la inclusi\u00f3 social de joves amb diferents antecedents culturals, en risc d\u2019exclusi\u00f3 social. Els i les treballadores juvenils adquiriran compet\u00e8ncies en el camp de la comunicaci\u00f3 no violenta, [&hellip;]<\/p>\n","protected":false},"author":1,"featured_media":0,"parent":0,"menu_order":0,"comment_status":"closed","ping_status":"closed","template":"","meta":{"_coblocks_attr":"","_coblocks_dimensions":"","_coblocks_responsive_height":"","_coblocks_accordion_ie_support":"","footnotes":""},"class_list":["post-368","page","type-page","status-publish","hentry"],"translation":{"provider":"WPGlobus","version":"3.0.2","language":"ca","enabled_languages":["en","es","ca","el","bg","it","pt","nl"],"languages":{"en":{"title":true,"content":true,"excerpt":false},"es":{"title":true,"content":true,"excerpt":false},"ca":{"title":true,"content":true,"excerpt":false},"el":{"title":true,"content":true,"excerpt":false},"bg":{"title":true,"content":true,"excerpt":false},"it":{"title":true,"content":true,"excerpt":false},"pt":{"title":true,"content":true,"excerpt":false},"nl":{"title":true,"content":true,"excerpt":false}}},"_links":{"self":[{"href":"https:\/\/www.actinyouth.eu\/ca\/wp-json\/wp\/v2\/pages\/368","targetHints":{"allow":["GET"]}}],"collection":[{"href":"https:\/\/www.actinyouth.eu\/ca\/wp-json\/wp\/v2\/pages"}],"about":[{"href":"https:\/\/www.actinyouth.eu\/ca\/wp-json\/wp\/v2\/types\/page"}],"author":[{"embeddable":true,"href":"https:\/\/www.actinyouth.eu\/ca\/wp-json\/wp\/v2\/users\/1"}],"replies":[{"embeddable":true,"href":"https:\/\/www.actinyouth.eu\/ca\/wp-json\/wp\/v2\/comments?post=368"}],"version-history":[{"count":37,"href":"https:\/\/www.actinyouth.eu\/ca\/wp-json\/wp\/v2\/pages\/368\/revisions"}],"predecessor-version":[{"id":1263,"href":"https:\/\/www.actinyouth.eu\/ca\/wp-json\/wp\/v2\/pages\/368\/revisions\/1263"}],"wp:attachment":[{"href":"https:\/\/www.actinyouth.eu\/ca\/wp-json\/wp\/v2\/media?parent=368"}],"curies":[{"name":"wp","href":"https:\/\/api.w.org\/{rel}","templated":true}]}}