{"id":391,"date":"2021-06-15T10:12:45","date_gmt":"2021-06-15T10:12:45","guid":{"rendered":"https:\/\/www.actinyouth.eu\/?page_id=391"},"modified":"2022-06-17T11:37:45","modified_gmt":"2022-06-17T10:37:45","slug":"about-us","status":"publish","type":"page","link":"https:\/\/www.actinyouth.eu\/ca\/about-us\/","title":{"rendered":"Qui som"},"content":{"rendered":"\r\n<p>El projecte es porta a terme a nivell transnacional ja que l\u2019intercanvi de les diferents experi\u00e8ncies enriquir\u00e0 els resultats (tangibles i intangibles) del projecte amb un punt de vista pluridimensional, garantit tamb\u00e9 per la complementarietat de les organitzacions s\u00f2cies.<\/p>\r\n\r\n\r\n\r\n<h2 class=\"wp-block-heading\">Coneix a les organitzacions col\u00b7laboradores:<\/h2>\r\n\r\n\r\n\r\n<div class=\"wp-block-coblocks-author has-background has-white-background-color\"><figure class=\"wp-block-coblocks-author__avatar\"><img decoding=\"async\" class=\"wp-block-coblocks-author__avatar-img\" src=\"https:\/\/www.actinyouth.eu\/wp-content\/uploads\/2021\/06\/Culture.World_.Me_.-Organisation-Logo.png\" alt=\"<strong&gt;Stichting CWM Education<\/strong&gt;\"\/><\/figure><div class=\"wp-block-coblocks-author__content\"><span class=\"wp-block-coblocks-author__name\"><strong>Stichting CWM Education<\/strong><\/span><p class=\"wp-block-coblocks-author__biography\">La fundaci\u00f3 t\u00e9 com a objectiu crear consci\u00e8ncia al voltant dels drets humans. A trav\u00e9s del nostre treball, apliquem les arts esc\u00e8niques i la narraci\u00f3 com eines per fomentar canvis. A trav\u00e9s dels nostres esdeveniments i projectes estem fomentant el respecte a la diversitat cultural i contribuint a una societat inclusiva on prevalguin els valors del respecte, col\u00b7laboraci\u00f3 i comprensi\u00f3.<br\/><br\/>Culture.World.Me es va fundar el 2015 a Alemanya com un grup informal de joves i ha estat operant a Alemanya des d\u2019aleshores. El 2020, tamb\u00e9 hem establert una base als Pa\u00efsos baixos, Amsterdam, per continuar amb els projectes educatius que estimem i treballar en causes presents en les nostres comunitats que ens preocupen.<\/p>\r\n<div class=\"wp-block-button\"><a class=\"wp-block-button__link\" href=\"https:\/\/www.cultureworldme.com\/\" target=\"_blank\" rel=\"noreferrer noopener\">cultureworldme.com<\/a><\/div>\r\n<\/div><\/div>\r\n\r\n\r\n\r\n<div class=\"wp-block-coblocks-author has-background has-white-background-color has-normal-font-size\"><figure class=\"wp-block-coblocks-author__avatar\"><img decoding=\"async\" class=\"wp-block-coblocks-author__avatar-img\" src=\"https:\/\/www.actinyouth.eu\/wp-content\/uploads\/2021\/06\/LOGO-SMASCHERATI-nero-su-trasparente-1.jpg\" alt=\"<strong&gt;Associazione Culturale Smascherati!<\/strong&gt;\"\/><\/figure><div class=\"wp-block-coblocks-author__content\"><span class=\"wp-block-coblocks-author__name\"><strong>Associazione Culturale Smascherati!<\/strong><\/span><p class=\"wp-block-coblocks-author__biography\">L\u2019associaci\u00f3 per la promoci\u00f3 social i cultural Smascherati! APS t\u00e9 com a objectiu aconseguir l\u2019inter\u00e8s general per part de la poblaci\u00f3 en la promoci\u00f3 dels drets humans a trav\u00e9s del teatre i les arts esc\u00e8niques, enteses com eines per al creixement personal, la comunicaci\u00f3 i la difusi\u00f3 de valors com el di\u00e0leg intercultural i la inclusi\u00f3 social i cultural, per fer front al malestar juvenil i aconseguir la integraci\u00f3 generacional. Fundada el 1989 a la ciutat de Perugia per artistes amb diferents disciplines teatrals.<br\/><br\/>Smascherati! sempre ha treballat per fer que les experi\u00e8ncies humanes i les cultures divergents es reuneixin a trav\u00e9s del teatre i les diferents formes d\u2019expressi\u00f3 art\u00edstica. Expertes en teatre i dansa-teatre d\u2019It\u00e0lia i d\u2019altres pa\u00efsos, col\u00b7laboren de forma regular en les nostres activitats d\u2019investigaci\u00f3 i formaci\u00f3. Les nostres activitats inclouen tallers i seminaris pr\u00e0ctics i te\u00f2rics al voltant del teatre intercultural, activitats art\u00edstiques i culturals, i execuci\u00f3 de projectes a nivell local, nacional i europeu (Erasmus +). Les nostres performances es caracteritzen per la seva riquesa fruit de les diferents cultures de les participants i es mostren al p\u00fablic a festivals locals, nacional i internacionals.<\/p>\r\n<div class=\"wp-block-button\"><a class=\"wp-block-button__link\" href=\"https:\/\/www.humanbeings.it\/\" target=\"_blank\" rel=\"noreferrer noopener\">humanbeings.it<\/a><\/div>\r\n<\/div><\/div>\r\n\r\n\r\n\r\n<div class=\"wp-block-coblocks-author has-background has-white-background-color has-normal-font-size\"><figure class=\"wp-block-coblocks-author__avatar\"><img decoding=\"async\" class=\"wp-block-coblocks-author__avatar-img\" src=\"https:\/\/www.actinyouth.eu\/wp-content\/uploads\/2021\/06\/png-blue.png\" alt=\"<strong&gt;Sdruzhenie Walk together<\/strong&gt;\"\/><\/figure><div class=\"wp-block-coblocks-author__content\"><span class=\"wp-block-coblocks-author__name\"><strong>Sdruzhenie Walk together<\/strong><\/span><p class=\"wp-block-coblocks-author__biography\">Walktogether (WT) es centra en projectes comunitaris i, juntament amb les seves formadores i treballadores juvenils, treballen per fer de l\u2019educaci\u00f3 no formal, part de l\u2019educaci\u00f3 formal. La nostra participaci\u00f3 a nivell europeu es materialitza a trav\u00e9s de diferents programes de la UE (EUCiz, Erasmus +) i els temes en els que ens centrem estan relacionats amb l\u2019economia social i s\u00f3n d\u2019inter\u00e8s per al nostre p\u00fablic objectiu que s\u00f3n els i les joves de 18 anys o m\u00e9s, treballadores juvenils i estudiants adults, aix\u00ed com tamb\u00e9 les persones amb menors oportunitats fruit d\u2019obstacles culturals o socials. WT est\u00e0 cooperant a nivell local amb escoles, municipis i centres juvenils estatals per aconseguir els seus objectius i fer front a les necessitats del nostre p\u00fablic objectiu.<br\/><\/p>\r\n<div class=\"wp-block-button\"><a class=\"wp-block-button__link\" href=\"https:\/\/www.facebook.com\/associationwalktogether\/\" target=\"_blank\" rel=\"noreferrer noopener\">facebook.com\/associationwalktogether<\/a><\/div>\r\n<\/div><\/div>\r\n\r\n\r\n\r\n<div class=\"wp-block-coblocks-author has-background has-white-background-color has-normal-font-size\"><figure class=\"wp-block-coblocks-author__avatar\"><img decoding=\"async\" class=\"wp-block-coblocks-author__avatar-img\" src=\"https:\/\/www.actinyouth.eu\/wp-content\/uploads\/2021\/06\/Check-IN_Logotipo_Cor.png\" alt=\"<strong&gt;Associacao Check-in Cooperacao e Desenvolvimento<\/strong&gt;\"\/><\/figure><div class=\"wp-block-coblocks-author__content\"><span class=\"wp-block-coblocks-author__name\"><strong>Associacao Check-in Cooperacao e Desenvolvimento<\/strong><\/span><p class=\"wp-block-coblocks-author__biography\">Check-INAssociation \u2013 Cooperation and Development \u00e9s una organitzaci\u00f3 sense \u00e0nim de lucre, fundada el 2010, amb seu a Beja i que tamb\u00e9 opera des de Lisboa, Portugal. Treballa en estreta col\u00b7laboraci\u00f3 amb entitats p\u00fabliques i privades, participant activament en les nostres activitats per la millora de la qualitat de vida. La nostra organitzaci\u00f3 es centra principalment en la mobilitat de joves i adults, l\u2019educaci\u00f3 no formal, la cooperaci\u00f3 i el desenvolupament d\u2019organitzacions i individus, i l\u2019intercanvi general de coneixements a trav\u00e9s del suport a iniciatives de cooperaci\u00f3 europea. Les nostres activitats inclouen tallers, seminaris, activitats de formaci\u00f3 d\u2019equips i cursos de formaci\u00f3. Treballem directament amb projectes KA1, KA2 i Sports del programa Erasmus+; Programa del Cos Europeu de Solidaritat Europea amb els Ciutadans i Programa Horitz\u00f3 2020 de la Comissi\u00f3 Europea.<br\/><br\/>Check-IN Association \u00e9s tamb\u00e9 un Centre Multiplicador Eurodesk a Lisboa i Beja i membre de la Fundaci\u00f3 Anna Lindh i la Fundaci\u00f3 Europea de la Joventut.<\/p>\r\n<div class=\"wp-block-button\"><a class=\"wp-block-button__link\" href=\"http:\/\/www.checkin.org.pt\" target=\"_blank\" rel=\"noreferrer noopener\">checkin.org.pt<\/a><\/div>\r\n<\/div><\/div>\r\n\r\n\r\n\r\n<div class=\"wp-block-coblocks-author has-background has-white-background-color has-normal-font-size\"><figure class=\"wp-block-coblocks-author__avatar\"><img decoding=\"async\" class=\"wp-block-coblocks-author__avatar-img\" src=\"https:\/\/www.actinyouth.eu\/wp-content\/uploads\/2021\/06\/Iasis_Logo-white-back.png\" alt=\"<strong&gt;Iasis<\/strong&gt;\"\/><\/figure><div class=\"wp-block-coblocks-author__content\"><span class=\"wp-block-coblocks-author__name\"><strong>Iasis<\/strong><\/span><p class=\"wp-block-coblocks-author__biography\">L\u2019ONG IASIS \u00e9s una organitzaci\u00f3 no governamental sense \u00e0nim de lucre activa en l\u2019\u00e0mbit de la inclusi\u00f3 social, la salut mental i la desinstitucionalitzaci\u00f3, que participa activament en la reforma psiqui\u00e0trica impulsada pel Ministeri de Sanitat i Solidaritat Social i la Uni\u00f3 Europea. IASIS t\u00e9 un registre oficial com organitzaci\u00f3 privada sense \u00e0nimde lucre i un registre especial en llistes d\u2019organitzacions volunt\u00e0ries No governamentals gestionades per la Direcci\u00f3 General de Benestar. L\u2019organitzaci\u00f3 tamb\u00e9 compta amb un sistema de compet\u00e8ncia gerencial certificat pel Servei Especial\/ Departament de Salut i Solidaritat Social. L\u2019objectiu principal de l\u2019organitzaci\u00f3 \u00e9s oferir suport psicosocial i educaci\u00f3 a les persones que es troben en risc d\u2019exclusi\u00f3 i als i les estudiants de l\u2019\u00e0mbit humanitari.<br\/><\/p>\r\n<div class=\"wp-block-button\"><a class=\"wp-block-button__link\" href=\"http:\/\/www.iasismed.eu\" target=\"_blank\" rel=\"noreferrer noopener\">iasismed.eu<\/a><\/div>\r\n<\/div><\/div>\r\n\r\n\r\n\r\n<div class=\"wp-block-coblocks-author has-background has-white-background-color has-normal-font-size\"><figure class=\"wp-block-coblocks-author__avatar\"><img decoding=\"async\" class=\"wp-block-coblocks-author__avatar-img\" src=\"https:\/\/www.actinyouth.eu\/wp-content\/uploads\/2021\/06\/Colecticbaseline_1_fons_blanc_250_.png\" alt=\"<strong&gt;Colectic, SCCL<\/strong&gt;\"\/><\/figure><div class=\"wp-block-coblocks-author__content\"><span class=\"wp-block-coblocks-author__name\"><strong>Colectic, SCCL<\/strong><\/span><p class=\"wp-block-coblocks-author__biography\">Coletic \u00e9s una cooperativa sense \u00e0nim de lucre ubicada a Barcelona, amb m\u00e9s de 25 anys d\u2019experi\u00e8ncia. Va ser fundada per un grup d\u2019educadores l\u2019any 1992 amb l\u2019objectiu de treballar amb els i les joves del barri del Raval de Barcelona. La missi\u00f3 principal de Colectic \u00e9s treballar per la transformaci\u00f3 social a trav\u00e9s de la participaci\u00f3, l\u2019aprenentatge i la socialitzaci\u00f3 de les TIC. Treballem amb la tecnologia per millorar la situaci\u00f3 dels ciutadans i ciutadanes, amb especial \u00e8mfasi als col\u00b7lectius amb menors oportunitats: joves, infants, dones, immigrants, barris deprimits i etc. Colectic tamb\u00e9 treballa per al desenvolupament de les habilitats socials i el di\u00e0leg intercultural amb els i les seves participants.<br\/><br\/>Colectic compta amb un equip multidisciplinar de 21 professionals que treballen en projectes relacionats amb la comunicaci\u00f3, l\u2019educaci\u00f3, la formaci\u00f3, la innovaci\u00f3 social, el desenvolupament de webs i suport inform\u00e0tic per a ONG, escoles i instituts, empoderament, comunitat i xarxes.<br\/><\/p>\r\n<div class=\"wp-block-button\"><a class=\"wp-block-button__link\" href=\"https:\/\/colectic.coop\" target=\"_blank\" rel=\"noreferrer noopener\">colectic.coop<\/a><\/div>\r\n<\/div><\/div>\r\n\r\n\r\n\r\n<p><\/p>\r\n","protected":false},"excerpt":{"rendered":"<p>El projecte es porta a terme a nivell transnacional ja que l\u2019intercanvi de les diferents experi\u00e8ncies enriquir\u00e0 els resultats (tangibles i intangibles) del projecte amb un punt de vista pluridimensional, garantit tamb\u00e9 per la complementarietat de les organitzacions s\u00f2cies. Coneix a les organitzacions col\u00b7laboradores:<\/p>\n","protected":false},"author":1,"featured_media":0,"parent":0,"menu_order":0,"comment_status":"closed","ping_status":"closed","template":"","meta":{"_coblocks_attr":"","_coblocks_dimensions":"","_coblocks_responsive_height":"","_coblocks_accordion_ie_support":"","footnotes":""},"class_list":["post-391","page","type-page","status-publish","hentry"],"translation":{"provider":"WPGlobus","version":"3.0.2","language":"ca","enabled_languages":["en","es","ca","el","bg","it","pt","nl"],"languages":{"en":{"title":true,"content":true,"excerpt":false},"es":{"title":true,"content":true,"excerpt":false},"ca":{"title":true,"content":true,"excerpt":false},"el":{"title":true,"content":true,"excerpt":false},"bg":{"title":true,"content":true,"excerpt":false},"it":{"title":true,"content":true,"excerpt":false},"pt":{"title":true,"content":true,"excerpt":false},"nl":{"title":true,"content":true,"excerpt":false}}},"_links":{"self":[{"href":"https:\/\/www.actinyouth.eu\/ca\/wp-json\/wp\/v2\/pages\/391","targetHints":{"allow":["GET"]}}],"collection":[{"href":"https:\/\/www.actinyouth.eu\/ca\/wp-json\/wp\/v2\/pages"}],"about":[{"href":"https:\/\/www.actinyouth.eu\/ca\/wp-json\/wp\/v2\/types\/page"}],"author":[{"embeddable":true,"href":"https:\/\/www.actinyouth.eu\/ca\/wp-json\/wp\/v2\/users\/1"}],"replies":[{"embeddable":true,"href":"https:\/\/www.actinyouth.eu\/ca\/wp-json\/wp\/v2\/comments?post=391"}],"version-history":[{"count":32,"href":"https:\/\/www.actinyouth.eu\/ca\/wp-json\/wp\/v2\/pages\/391\/revisions"}],"predecessor-version":[{"id":1161,"href":"https:\/\/www.actinyouth.eu\/ca\/wp-json\/wp\/v2\/pages\/391\/revisions\/1161"}],"wp:attachment":[{"href":"https:\/\/www.actinyouth.eu\/ca\/wp-json\/wp\/v2\/media?parent=391"}],"curies":[{"name":"wp","href":"https:\/\/api.w.org\/{rel}","templated":true}]}}