{"id":553,"date":"2021-06-17T08:15:09","date_gmt":"2021-06-17T07:15:09","guid":{"rendered":"https:\/\/www.actinyouth.eu\/?page_id=553"},"modified":"2023-08-07T13:17:51","modified_gmt":"2023-08-07T12:17:51","slug":"the-e-learning-space","status":"publish","type":"page","link":"https:\/\/www.actinyouth.eu\/ca\/the-e-learning-space\/","title":{"rendered":"L&#8217;espai formatiu virtual"},"content":{"rendered":"\r\n<p>Estem desenvolupant l\u2019espai d\u2019<a href=\"https:\/\/training.actinyouth.eu\/\">aprenentatge digital ACTin\u2019YOUth<\/a>.<\/p>\r\n<p>\r\n\r\n<\/p>\r\n<div class=\"wp-block-image\">\r\n<figure class=\"alignright size-medium is-resized\"><img loading=\"lazy\" decoding=\"async\" class=\"wp-image-554\" src=\"https:\/\/www.actinyouth.eu\/wp-content\/uploads\/2021\/06\/interactive-6300483_1920-300x200.jpg\" alt=\"\" width=\"480\" height=\"321\" srcset=\"https:\/\/www.actinyouth.eu\/wp-content\/uploads\/2021\/06\/interactive-6300483_1920-300x200.jpg 300w, https:\/\/www.actinyouth.eu\/wp-content\/uploads\/2021\/06\/interactive-6300483_1920-1024x684.jpg 1024w, https:\/\/www.actinyouth.eu\/wp-content\/uploads\/2021\/06\/interactive-6300483_1920-768x513.jpg 768w, https:\/\/www.actinyouth.eu\/wp-content\/uploads\/2021\/06\/interactive-6300483_1920-1536x1026.jpg 1536w, https:\/\/www.actinyouth.eu\/wp-content\/uploads\/2021\/06\/interactive-6300483_1920.jpg 1920w\" sizes=\"auto, (max-width: 480px) 100vw, 480px\" \/>\r\n<figcaption>Imatge de\u00a0<a href=\"https:\/\/pixabay.com\/es\/users\/geralt-9301\/?utm_source=link-attribution&amp;utm_medium=referral&amp;utm_campaign=image&amp;utm_content=6300483\">Gerd Altmann<\/a> a <a href=\"https:\/\/pixabay.com\/es\/?utm_source=link-attribution&amp;utm_medium=referral&amp;utm_campaign=image&amp;utm_content=6300483\">Pixabay<\/a><\/figcaption>\r\n<\/figure>\r\n<\/div>\r\n<p>\r\n\r\n<\/p>\r\n<p>Un espai on els i les participants (tant joves com treballadors\/es joves) tindran l\u2019oportunitat d\u2019aconseguir tots els materials d\u2019aprenentatge recopilats i creats per als diferents grups destinataris.<\/p>\r\n<p>\r\n\r\n<\/p>\r\n<p>Una \u00abE-incubadora\u00bb, que ser\u00e0 un espai col\u00b7laboratiu i informatiu per la interacci\u00f3 i l\u2019intercanvi d\u2019informaci\u00f3 sobre bones pr\u00e0ctiques i de les activitats relacionades amb l\u2019aprenentatge i la comunicaci\u00f3 intercultural: La incubadora de cultura t\u00e9 com a objectiu compartir la informaci\u00f3 sobre aspectes culturals entre els i les joves, tant estrangers com locals, i tamb\u00e9 entre el personal de formaci\u00f3, per tal de proporcionar-lis la informaci\u00f3 i oferir un espai per compartir continguts per a l\u2019aprenentatge entre pars.<\/p>\r\n<p>\r\n\r\n<\/p>\r\n<p>Una eina en viu, que permetr\u00e0 als i les participants seguir els tallers de teatre a nivell transnacional, de manera que tant LTTA com els tallers locals puguin ser retransmesos en viu, garantint aix\u00ed una forta interconnexi\u00f3 entre els grups locals de participants.<\/p>\r\n<p>\r\n\r\n<\/p>\r\n<p>Un repositori virtual multiling\u00fce per a les millors pr\u00e0ctiques recopilades per els i les s\u00f2cies participants, i els materials del projecte. El repositori s\u2019organitzar\u00e0 i catalogar\u00e0 mitjan\u00e7ant el desenvolupament d\u2019\u00edndexs ad-hoc per a filtrar les cerques.<\/p>\r\n<p>\r\n\r\n<\/p>\r\n<p>Una eina \u00abd\u2019Escriptura digital col\u00b7laborativa integrada\u00bb per a recopilar i treballar amb els materials visuals i d\u2019\u00e0udio dels tallers locals, amb l\u2019objectiu de crear una \u00abperformance digital\u00bb final.<\/p>\r\n<p><\/p>","protected":false},"excerpt":{"rendered":"<p>Estem desenvolupant l\u2019espai d\u2019aprenentatge digital ACTin\u2019YOUth. Un espai on els i les participants (tant joves com treballadors\/es joves) tindran l\u2019oportunitat d\u2019aconseguir tots els materials d\u2019aprenentatge recopilats i creats per als diferents grups destinataris. Una \u00abE-incubadora\u00bb, que ser\u00e0 un espai col\u00b7laboratiu i informatiu per la interacci\u00f3 i l\u2019intercanvi d\u2019informaci\u00f3 sobre bones pr\u00e0ctiques i de les activitats [&hellip;]<\/p>\n","protected":false},"author":1,"featured_media":0,"parent":0,"menu_order":0,"comment_status":"closed","ping_status":"closed","template":"","meta":{"_coblocks_attr":"","_coblocks_dimensions":"","_coblocks_responsive_height":"","_coblocks_accordion_ie_support":"","footnotes":""},"class_list":["post-553","page","type-page","status-publish","hentry"],"translation":{"provider":"WPGlobus","version":"3.0.2","language":"ca","enabled_languages":["en","es","ca","el","bg","it","pt","nl"],"languages":{"en":{"title":true,"content":true,"excerpt":false},"es":{"title":true,"content":true,"excerpt":false},"ca":{"title":true,"content":true,"excerpt":false},"el":{"title":true,"content":true,"excerpt":false},"bg":{"title":true,"content":true,"excerpt":false},"it":{"title":true,"content":true,"excerpt":false},"pt":{"title":true,"content":true,"excerpt":false},"nl":{"title":true,"content":true,"excerpt":false}}},"_links":{"self":[{"href":"https:\/\/www.actinyouth.eu\/ca\/wp-json\/wp\/v2\/pages\/553","targetHints":{"allow":["GET"]}}],"collection":[{"href":"https:\/\/www.actinyouth.eu\/ca\/wp-json\/wp\/v2\/pages"}],"about":[{"href":"https:\/\/www.actinyouth.eu\/ca\/wp-json\/wp\/v2\/types\/page"}],"author":[{"embeddable":true,"href":"https:\/\/www.actinyouth.eu\/ca\/wp-json\/wp\/v2\/users\/1"}],"replies":[{"embeddable":true,"href":"https:\/\/www.actinyouth.eu\/ca\/wp-json\/wp\/v2\/comments?post=553"}],"version-history":[{"count":25,"href":"https:\/\/www.actinyouth.eu\/ca\/wp-json\/wp\/v2\/pages\/553\/revisions"}],"predecessor-version":[{"id":1272,"href":"https:\/\/www.actinyouth.eu\/ca\/wp-json\/wp\/v2\/pages\/553\/revisions\/1272"}],"wp:attachment":[{"href":"https:\/\/www.actinyouth.eu\/ca\/wp-json\/wp\/v2\/media?parent=553"}],"curies":[{"name":"wp","href":"https:\/\/api.w.org\/{rel}","templated":true}]}}