{"id":17,"date":"2021-06-03T11:33:51","date_gmt":"2021-06-03T11:33:51","guid":{"rendered":"https:\/\/www.actinyouth.eu\/?page_id=17"},"modified":"2021-09-16T10:45:43","modified_gmt":"2021-09-16T09:45:43","slug":"home","status":"publish","type":"page","link":"https:\/\/www.actinyouth.eu\/es\/","title":{"rendered":"Inicio"},"content":{"rendered":"<div class=\"n2_clear\"><ss3-force-full-width data-overflow-x=\"body\" data-horizontal-selector=\"body\"><div class=\"n2-section-smartslider fitvidsignore  n2_clear\" data-ssid=\"2\"><div id=\"n2-ss-2-align\" class=\"n2-ss-align\"><div class=\"n2-padding\"><div id=\"n2-ss-2\" data-creator=\"Smart Slider 3\" data-responsive=\"fullwidth\" class=\"n2-ss-slider n2-ow n2-has-hover n2notransition  \"><div class=\"n2-ss-slider-wrapper-inside\">\n        <div class=\"n2-ss-slider-1 n2_ss__touch_element n2-ow\">\n            <div class=\"n2-ss-slider-2 n2-ow\">\n                                                <div class=\"n2-ss-slider-3 n2-ow\">\n\n                    <div class=\"n2-ss-slide-backgrounds n2-ow-all\"><div class=\"n2-ss-slide-background\" data-public-id=\"1\" data-mode=\"fill\"><div class=\"n2-ss-slide-background-image\" data-blur=\"0\" data-opacity=\"100\" data-x=\"50\" data-y=\"50\" data-alt=\"\" data-title=\"\"><picture class=\"skip-lazy\" data-skip-lazy=\"1\"><img decoding=\"async\" src=\"\/\/www.actinyouth.eu\/wp-content\/uploads\/2021\/06\/header.jpg\" alt=\"\" title=\"\" loading=\"lazy\" class=\"skip-lazy\" data-skip-lazy=\"1\"><\/picture><\/div><div data-color=\"RGBA(255,255,255,0)\" style=\"background-color: RGBA(255,255,255,0);\" class=\"n2-ss-slide-background-color\"><\/div><\/div><div class=\"n2-ss-slide-background\" data-public-id=\"2\" data-mode=\"fill\" aria-hidden=\"true\"><div class=\"n2-ss-slide-background-image\" data-blur=\"0\" data-opacity=\"100\" data-x=\"50\" data-y=\"50\" data-alt=\"\" data-title=\"\"><picture class=\"skip-lazy\" data-skip-lazy=\"1\"><img decoding=\"async\" src=\"\/\/www.actinyouth.eu\/wp-content\/uploads\/2021\/06\/ana-teatre-3.jpg\" alt=\"\" title=\"\" loading=\"lazy\" class=\"skip-lazy\" data-skip-lazy=\"1\"><\/picture><\/div><div data-color=\"RGBA(255,255,255,0)\" style=\"background-color: RGBA(255,255,255,0);\" class=\"n2-ss-slide-background-color\"><\/div><\/div><div class=\"n2-ss-slide-background\" data-public-id=\"3\" data-mode=\"fill\" aria-hidden=\"true\"><div class=\"n2-ss-slide-background-image\" data-blur=\"0\" data-opacity=\"100\" data-x=\"50\" data-y=\"50\" data-alt=\"\" data-title=\"\"><picture class=\"skip-lazy\" data-skip-lazy=\"1\"><img decoding=\"async\" src=\"\/\/www.actinyouth.eu\/wp-content\/uploads\/2021\/06\/IMG_9218-scaled.jpg\" alt=\"\" title=\"\" loading=\"lazy\" class=\"skip-lazy\" data-skip-lazy=\"1\"><\/picture><\/div><div data-color=\"RGBA(255,255,255,0)\" style=\"background-color: RGBA(255,255,255,0);\" class=\"n2-ss-slide-background-color\"><\/div><\/div><\/div>                    <div class=\"n2-ss-slider-4 n2-ow\">\n                        <svg xmlns=\"http:\/\/www.w3.org\/2000\/svg\" viewBox=\"0 0 1200 600\" data-related-device=\"desktopPortrait\" class=\"n2-ow n2-ss-preserve-size n2-ss-preserve-size--slider n2-ss-slide-limiter\"><\/svg><div data-first=\"1\" data-slide-duration=\"0\" data-id=\"3\" data-slide-public-id=\"1\" data-title=\"Slide\" class=\"n2-ss-slide n2-ow  n2-ss-slide-3\"><div role=\"note\" class=\"n2-ss-slide--focus\" tabindex=\"-1\">Slide<\/div><div class=\"n2-ss-layers-container n2-ss-slide-limiter n2-ow\"><div class=\"n2-ss-layer n2-ow n-uc-K8quoNGrAxaT\" data-sstype=\"slide\" data-pm=\"default\"><div class=\"n2-ss-layer n2-ow n-uc-fgPvPqwtF49I\" data-pm=\"default\" data-sstype=\"content\" data-hasbackground=\"0\"><div class=\"n2-ss-section-main-content n2-ss-layer-with-background n2-ss-layer-content n2-ow n-uc-fgPvPqwtF49I-inner\"><div class=\"n2-ss-layer n2-ow n-uc-jqyz6YSVLFgb\" data-pm=\"normal\" data-sstype=\"layer\"><h2 id=\"n2-ss-2item1\" class=\"n2-font-564982915d617640444a4546fbd51c68-hover   n2-ss-item-content n2-ss-text n2-ow\" style=\"display:block;\">Intercultural Communication for Social Inclusion of Young people through Theater<\/h2><\/div><\/div><\/div><\/div><\/div><\/div><div data-slide-duration=\"0\" data-id=\"4\" data-slide-public-id=\"2\" aria-hidden=\"true\" data-title=\"Slide2\" class=\"n2-ss-slide n2-ow  n2-ss-slide-4\"><div role=\"note\" class=\"n2-ss-slide--focus\" tabindex=\"-1\">Slide2<\/div><div class=\"n2-ss-layers-container n2-ss-slide-limiter n2-ow\"><div class=\"n2-ss-layer n2-ow n-uc-f11euphK9zAw\" data-sstype=\"slide\" data-pm=\"default\"><div class=\"n2-ss-layer n2-ow n-uc-ZPQOXANqjsIa\" data-pm=\"default\" data-sstype=\"content\" data-hasbackground=\"0\"><div class=\"n2-ss-section-main-content n2-ss-layer-with-background n2-ss-layer-content n2-ow n-uc-ZPQOXANqjsIa-inner\"><div class=\"n2-ss-layer n2-ow n-uc-fM7NhQbGa3O4\" data-pm=\"normal\" data-sstype=\"layer\"><h2 id=\"n2-ss-2item2\" class=\"n2-font-577e3e94d392c80545fffaf7623e9404-hover   n2-ss-item-content n2-ss-text n2-ow\" style=\"display:block;\">Skills development and inclusion through creativity and arts.<\/h2><\/div><\/div><\/div><\/div><\/div><\/div><div data-slide-duration=\"0\" data-id=\"5\" data-slide-public-id=\"3\" aria-hidden=\"true\" data-title=\"Slide3\" class=\"n2-ss-slide n2-ow  n2-ss-slide-5\"><div role=\"note\" class=\"n2-ss-slide--focus\" tabindex=\"-1\">Slide3<\/div><div class=\"n2-ss-layers-container n2-ss-slide-limiter n2-ow\"><div class=\"n2-ss-layer n2-ow n-uc-tozvzLNVxxiR\" data-sstype=\"slide\" data-pm=\"default\"><div class=\"n2-ss-layer n2-ow n-uc-7rfI3C7S6ALa\" data-pm=\"default\" data-sstype=\"content\" data-hasbackground=\"0\"><div class=\"n2-ss-section-main-content n2-ss-layer-with-background n2-ss-layer-content n2-ow n-uc-7rfI3C7S6ALa-inner\"><div class=\"n2-ss-layer n2-ow n-uc-QWg8E52cukB3\" data-pm=\"normal\" data-sstype=\"layer\"><h2 id=\"n2-ss-2item3\" class=\"n2-font-577e3e94d392c80545fffaf7623e9404-hover   n2-ss-item-content n2-ss-text n2-ow\" style=\"display:block;\">Promoting engaging, connecting and empowering young people<\/h2><\/div><\/div><\/div><\/div><\/div><\/div>                    <\/div>\n\n                                    <\/div>\n            <\/div>\n        <\/div>\n        <div class=\"n2-ss-slider-controls n2-ss-slider-controls-absolute-left-center\"><div style=\"--widget-offset:15px;\" class=\"n2-ss-widget nextend-arrow n2-ow-all nextend-arrow-previous  nextend-arrow-animated-fade\" data-hide-mobileportrait=\"1\" id=\"n2-ss-2-arrow-previous\" role=\"button\" aria-label=\"previous arrow\" tabindex=\"0\"><img loading=\"lazy\" decoding=\"async\" width=\"32\" height=\"32\" class=\"skip-lazy\" data-skip-lazy=\"1\" src=\"data:image\/svg+xml;base64,PHN2ZyB3aWR0aD0iMzIiIGhlaWdodD0iMzIiIHZpZXdCb3g9IjAgMCAzMiAzMiIgeG1sbnM9Imh0dHA6Ly93d3cudzMub3JnLzIwMDAvc3ZnIj4KICAgIDxwYXRoIGQ9Ik0xMS40MzMgMTUuOTkyTDIyLjY5IDUuNzEyYy4zOTMtLjM5LjM5My0xLjAzIDAtMS40Mi0uMzkzLS4zOS0xLjAzLS4zOS0xLjQyMyAwbC0xMS45OCAxMC45NGMtLjIxLjIxLS4zLjQ5LS4yODUuNzYtLjAxNS4yOC4wNzUuNTYuMjg0Ljc3bDExLjk4IDEwLjk0Yy4zOTMuMzkgMS4wMy4zOSAxLjQyNCAwIC4zOTMtLjQuMzkzLTEuMDMgMC0xLjQybC0xMS4yNTctMTAuMjkiCiAgICAgICAgICBmaWxsPSIjZmZmZmZmIiBvcGFjaXR5PSIwLjgiIGZpbGwtcnVsZT0iZXZlbm9kZCIvPgo8L3N2Zz4=\" alt=\"previous arrow\"><\/div><\/div><div class=\"n2-ss-slider-controls n2-ss-slider-controls-absolute-right-center\"><div style=\"--widget-offset:15px;\" class=\"n2-ss-widget nextend-arrow n2-ow-all nextend-arrow-next  nextend-arrow-animated-fade\" data-hide-mobileportrait=\"1\" id=\"n2-ss-2-arrow-next\" role=\"button\" aria-label=\"next arrow\" tabindex=\"0\"><img loading=\"lazy\" decoding=\"async\" width=\"32\" height=\"32\" class=\"skip-lazy\" data-skip-lazy=\"1\" src=\"data:image\/svg+xml;base64,PHN2ZyB3aWR0aD0iMzIiIGhlaWdodD0iMzIiIHZpZXdCb3g9IjAgMCAzMiAzMiIgeG1sbnM9Imh0dHA6Ly93d3cudzMub3JnLzIwMDAvc3ZnIj4KICAgIDxwYXRoIGQ9Ik0xMC43MjIgNC4yOTNjLS4zOTQtLjM5LTEuMDMyLS4zOS0xLjQyNyAwLS4zOTMuMzktLjM5MyAxLjAzIDAgMS40MmwxMS4yODMgMTAuMjgtMTEuMjgzIDEwLjI5Yy0uMzkzLjM5LS4zOTMgMS4wMiAwIDEuNDIuMzk1LjM5IDEuMDMzLjM5IDEuNDI3IDBsMTIuMDA3LTEwLjk0Yy4yMS0uMjEuMy0uNDkuMjg0LS43Ny4wMTQtLjI3LS4wNzYtLjU1LS4yODYtLjc2TDEwLjcyIDQuMjkzeiIKICAgICAgICAgIGZpbGw9IiNmZmZmZmYiIG9wYWNpdHk9IjAuOCIgZmlsbC1ydWxlPSJldmVub2RkIi8+Cjwvc3ZnPg==\" alt=\"next arrow\"><\/div><\/div><\/div><\/div><ss3-loader><\/ss3-loader><\/div><\/div><div class=\"n2_clear\"><\/div><\/div><\/ss3-force-full-width><\/div>\n\n\n<div style=\"height:137px\" aria-hidden=\"true\" class=\"wp-block-spacer\"><\/div>\n\n\n\n<div class=\"wp-block-coblocks-features coblocks-features-54155911900\"><div class=\"wp-block-coblocks-features__inner has-columns has-2-columns has-responsive-columns has-center-content has-medium-gutter\">\n<div class=\"wp-block-coblocks-feature coblocks-feature-54155911952\"><div class=\"wp-block-coblocks-feature__inner has-padding\"><div class=\"wp-block-coblocks-icon\">\n\t\t\t\t<div class=\"wp-block-coblocks-icon__inner has-text-color\" style=\"height: 60px; width: 60px; color: #ff611e; fill: #ff611e;\">\n\t\t\t\t\t<svg fill=\"none\" viewBox=\"0 0 20 20\" xmlns=\"http:\/\/www.w3.org\/2000\/svg\"><path d=\"m14.1407867 2.93112377 2.9296067 2.93112377-2.9296067 2.93112377-2.9296066-2.93112377zm-7.92960658.49715173v4.14293113h-4.14078675v-4.14293113zm10.35196688 10.3573278v4.1429311h-4.1407868v-4.1429311zm-10.35196688 0v4.1429311h-4.14078675v-4.1429311zm7.92960658-13.7856033-5.8592132 5.85189021 5.8592132 5.86224759 5.8592133-5.86224759zm-5.8592132 1.35680994h-8.2815735v8.28586225h8.2815735zm10.3519669 10.35732786h-8.2815735v8.2858622h8.2815735zm-10.3519669 0h-8.2815735v8.2858622h8.2815735z\" fill=\"currentColor\" \/><\/svg>\n\t\t\t\t<\/div>\n\t\t\t<\/div>\n\n\n<h4 class=\"has-text-color wp-block-heading\" style=\"color:#008080;font-size:25px\">Quienes somos<\/h4>\n\n\n\n<p style=\"font-size:17px\">El proyecto se lleva a cabo a nivel transnacional ya que el intercambio de las diferentes experiencias enriquecer\u00e1 los resultados (tangibles e intangibles) del proyecto con un punto de vista multidimensional, asegurado tambi\u00e9n por la complementariedad de las organizaciones socias.<\/p>\n<\/div><\/div>\n\n\n\n<div class=\"wp-block-coblocks-feature coblocks-feature-54155911957\"><div class=\"wp-block-coblocks-feature__inner has-padding\"><div class=\"wp-block-coblocks-icon\">\n\t\t\t\t<div class=\"wp-block-coblocks-icon__inner has-text-color\" style=\"height: 60px; width: 60px; color: #ff611e; fill: #ff611e;\">\n\t\t\t\t\t<svg fill=\"none\" viewBox=\"0 0 20 20\" xmlns=\"http:\/\/www.w3.org\/2000\/svg\"><path d=\"m4.08163265 16.3265306c-2.25510204 0-4.08163265-1.8265306-4.08163265-4.0816326 0-2.25510208 1.82653061-4.08163269 4.08163265-4.08163269s4.08163266 1.82653061 4.08163266 4.08163269c0 2.255102-1.82653062 4.0816326-4.08163266 4.0816326zm0-6.122449c-1.12244898 0-2.04081632.9183674-2.04081632 2.0408164 0 1.1224489.91836734 2.0408163 2.04081632 2.0408163s2.04081633-.9183674 2.04081633-2.0408163c0-1.122449-.91836735-2.0408164-2.04081633-2.0408164zm7.08163265-2.04081629c-2.25510203 0-4.08163265-1.82653062-4.08163265-4.08163266s1.82653062-4.08163265 4.08163265-4.08163265c2.255102 0 4.0816327 1.82653061 4.0816327 4.08163265s-1.8265307 4.08163266-4.0816327 4.08163266zm0-6.12244898c-1.122449 0-2.04081632.91836734-2.04081632 2.04081632s.91836732 2.04081633 2.04081632 2.04081633 2.0408163-.91836735 2.0408163-2.04081633-.9183673-2.04081632-2.0408163-2.04081632zm4.7142857 17.95918367c-2.255102 0-4.0816326-1.8265306-4.0816326-4.0816327 0-2.255102 1.8265306-4.0816326 4.0816326-4.0816326 2.2551021 0 4.0816327 1.8265306 4.0816327 4.0816326 0 2.2551021-1.8265306 4.0816327-4.0816327 4.0816327zm0-6.122449c-1.122449 0-2.0408163.9183674-2.0408163 2.0408163 0 1.122449.9183673 2.0408164 2.0408163 2.0408164s2.0408163-.9183674 2.0408163-2.0408164c0-1.1224489-.9183673-2.0408163-2.0408163-2.0408163z\" fill=\"currentColor\" \/><\/svg>\n\t\t\t\t<\/div>\n\t\t\t<\/div>\n\n\n<h4 class=\"has-text-color wp-block-heading\" style=\"color:#008080;font-size:25px\">Metodolog\u00eda<\/h4>\n\n\n\n<p style=\"font-size:17px\">Fomentamos las competencias interculturales de los y las trabajadoras juveniles, con metodolog\u00edas teatrales orientadas a la creaci\u00f3n de talleres de teatro local para la inclusi\u00f3n social de j\u00f3venes con diferentes antecedentes culturales en riesgo de exclusi\u00f3n social.<\/p>\n<\/div><\/div>\n<\/div><\/div>\n\n\n\n<div style=\"height:137px\" aria-hidden=\"true\" class=\"wp-block-spacer\"><\/div>\n\n\n\n<h2 class=\"wp-block-heading\">Not\u00edcias y eventos<\/h2>\n\n\n\n<div class=\"wp-block-columns is-layout-flex wp-container-core-columns-is-layout-28f84493 wp-block-columns-is-layout-flex\">\n<div class=\"wp-block-column is-layout-flow wp-block-column-is-layout-flow\" style=\"flex-basis:100%\">\n<div class=\"wp-block-group is-layout-flow wp-block-group-is-layout-flow\">\n<div class=\"wp-block-columns is-layout-flex wp-container-core-columns-is-layout-28f84493 wp-block-columns-is-layout-flex\">\n<div class=\"wp-block-column is-layout-flow wp-block-column-is-layout-flow\" style=\"flex-basis:100%\">\n<div class=\"wp-block-group is-layout-flow wp-block-group-is-layout-flow\"><ul class=\"wp-block-latest-posts__list wp-block-latest-posts\"><li><div class=\"wp-block-latest-posts__featured-image alignleft\"><img loading=\"lazy\" decoding=\"async\" width=\"225\" height=\"300\" src=\"https:\/\/www.actinyouth.eu\/wp-content\/uploads\/2022\/11\/IMG-4696-225x300.jpg\" class=\"attachment-medium size-medium wp-post-image\" alt=\"\" style=\"max-width:300px;max-height:300px;\" srcset=\"https:\/\/www.actinyouth.eu\/wp-content\/uploads\/2022\/11\/IMG-4696-225x300.jpg 225w, https:\/\/www.actinyouth.eu\/wp-content\/uploads\/2022\/11\/IMG-4696-768x1024.jpg 768w, https:\/\/www.actinyouth.eu\/wp-content\/uploads\/2022\/11\/IMG-4696-1152x1536.jpg 1152w, https:\/\/www.actinyouth.eu\/wp-content\/uploads\/2022\/11\/IMG-4696-1536x2048.jpg 1536w, https:\/\/www.actinyouth.eu\/wp-content\/uploads\/2022\/11\/IMG-4696-scaled.jpg 1920w\" sizes=\"auto, (max-width: 225px) 100vw, 225px\" \/><\/div><a class=\"wp-block-latest-posts__post-title\" href=\"https:\/\/www.actinyouth.eu\/es\/2022\/11\/22\/experience-with-the-non-verbal-communication-workshop-conducted-with-young-people-with-fewer-opportunities-and-different-cultural-background\/\">Experience with the non-verbal communication workshop conducted with young people with fewer opportunities and different cultural background.<\/a><div class=\"wp-block-latest-posts__post-excerpt\">Non-verbal communication involves the transmission of messages in a non-verbal way, through movement, facial expressions, gestures, body posture, distance between individuals, etc. Understanding this type of communication is very important, especially in the case of refugees who often cannot communicate verbally as they don\u2019t know the language of the host country. \u03a4he aim of the local workshop was first of all for the young refugees to understand what non-verbal communication is and how it is used on a daily basis&#8230;. <a class=\"wp-block-latest-posts__read-more\" href=\"https:\/\/www.actinyouth.eu\/es\/2022\/11\/22\/experience-with-the-non-verbal-communication-workshop-conducted-with-young-people-with-fewer-opportunities-and-different-cultural-background\/\" rel=\"noopener noreferrer\">Lee m\u00e1s<span class=\"screen-reader-text\">: Experience with the non-verbal communication workshop conducted with young people with fewer opportunities and different cultural background.<\/span><\/a><\/div><\/li>\n<li><div class=\"wp-block-latest-posts__featured-image alignleft\"><img loading=\"lazy\" decoding=\"async\" width=\"300\" height=\"63\" src=\"https:\/\/www.actinyouth.eu\/wp-content\/uploads\/2022\/10\/image-platform-300x63.png\" class=\"attachment-medium size-medium wp-post-image\" alt=\"\" style=\"max-width:300px;max-height:300px;\" srcset=\"https:\/\/www.actinyouth.eu\/wp-content\/uploads\/2022\/10\/image-platform-300x63.png 300w, https:\/\/www.actinyouth.eu\/wp-content\/uploads\/2022\/10\/image-platform.png 720w\" sizes=\"auto, (max-width: 300px) 100vw, 300px\" \/><\/div><a class=\"wp-block-latest-posts__post-title\" href=\"https:\/\/www.actinyouth.eu\/es\/2022\/10\/28\/actinyouth-bridging-the-digital-divides\/\">ACTin\u2019YOUth bridging the digital divides<\/a><div class=\"wp-block-latest-posts__post-excerpt\">Hablamos de retos y oportunidades digitales para el trabajo en l\u00ednea o h\u00edbrido con personas j\u00f3venes. La crisis de la covid-19 representa riesgos considerables en los campos de la educaci\u00f3n, la ocupaci\u00f3n y la salud mental y en los ingresos econ\u00f3micos de las personas j\u00f3venes, especialmente para los colectivos vulnerables. Si bien, las personas j\u00f3venes y las futuras generaciones asumir\u00e1n gran parte de las consecuencias econ\u00f3micas y sociales a largo plazo de la crisis econ\u00f3mica m\u00e1s reciente, su bienestar actual&#8230; <a class=\"wp-block-latest-posts__read-more\" href=\"https:\/\/www.actinyouth.eu\/es\/2022\/10\/28\/actinyouth-bridging-the-digital-divides\/\" rel=\"noopener noreferrer\">Lee m\u00e1s<span class=\"screen-reader-text\">: ACTin\u2019YOUth bridging the digital divides<\/span><\/a><\/div><\/li>\n<li><div class=\"wp-block-latest-posts__featured-image alignleft\"><img loading=\"lazy\" decoding=\"async\" width=\"300\" height=\"225\" src=\"https:\/\/www.actinyouth.eu\/wp-content\/uploads\/2022\/10\/48365000_2299090060357073_3921632580964712448_n-300x225.jpg\" class=\"attachment-medium size-medium wp-post-image\" alt=\"\" style=\"max-width:300px;max-height:300px;\" srcset=\"https:\/\/www.actinyouth.eu\/wp-content\/uploads\/2022\/10\/48365000_2299090060357073_3921632580964712448_n-300x225.jpg 300w, https:\/\/www.actinyouth.eu\/wp-content\/uploads\/2022\/10\/48365000_2299090060357073_3921632580964712448_n.jpg 750w\" sizes=\"auto, (max-width: 300px) 100vw, 300px\" \/><\/div><a class=\"wp-block-latest-posts__post-title\" href=\"https:\/\/www.actinyouth.eu\/es\/2022\/10\/13\/alper-chochev-the-experience-of-a-participant\/\">The experience of Alper Chochev<\/a><div class=\"wp-block-latest-posts__post-excerpt\">{:en} My name is Alper Chochev, and I am 28 years old. I am born in Sevlievo, Bulgaria. I am currently doing what I have dreamed of, and I fought to achieve for many years. What is it and how did I get here\u2026 Stay turned to the end! I was 15 years old and confused about what I want to do in life. On a personal level, my parents were divorced, and I lived only with my father. From&#8230; <a class=\"wp-block-latest-posts__read-more\" href=\"https:\/\/www.actinyouth.eu\/es\/2022\/10\/13\/alper-chochev-the-experience-of-a-participant\/\" rel=\"noopener noreferrer\">Lee m\u00e1s<span class=\"screen-reader-text\">: The experience of Alper Chochev<\/span><\/a><\/div><\/li>\n<li><div class=\"wp-block-latest-posts__featured-image alignleft\"><img loading=\"lazy\" decoding=\"async\" width=\"300\" height=\"200\" src=\"https:\/\/www.actinyouth.eu\/wp-content\/uploads\/2022\/06\/MG_7956-01-300x200.jpeg\" class=\"attachment-medium size-medium wp-post-image\" alt=\"\" style=\"max-width:300px;max-height:300px;\" srcset=\"https:\/\/www.actinyouth.eu\/wp-content\/uploads\/2022\/06\/MG_7956-01-300x200.jpeg 300w, https:\/\/www.actinyouth.eu\/wp-content\/uploads\/2022\/06\/MG_7956-01-1024x683.jpeg 1024w, https:\/\/www.actinyouth.eu\/wp-content\/uploads\/2022\/06\/MG_7956-01-768x512.jpeg 768w, https:\/\/www.actinyouth.eu\/wp-content\/uploads\/2022\/06\/MG_7956-01-1536x1024.jpeg 1536w, https:\/\/www.actinyouth.eu\/wp-content\/uploads\/2022\/06\/MG_7956-01-2048x1365.jpeg 2048w\" sizes=\"auto, (max-width: 300px) 100vw, 300px\" \/><\/div><a class=\"wp-block-latest-posts__post-title\" href=\"https:\/\/www.actinyouth.eu\/es\/2022\/06\/30\/the-experience-of-theater-in-working-with-youth-in-social-exclusion-situations\/\">M\u00e9todos de trabajo de teatro aplicado al trabajo con j\u00f3venes en exclusi\u00f3n social<\/a><div class=\"wp-block-latest-posts__post-excerpt\">En marzo, las entidades colaboradoras del proyecto ACT in YOUth se reunieron en Rotterdam para una formaci\u00f3n basada en LTTA (Learning, Teaching Training Activiy) sobre el proyecto. Las personas participantes tuvieron la oportunidad de profundizar su conocimiento en las t\u00e9cnicas de teatro y sumergirse en el terreno del teatro del oprimido. Este LTTA, preparado para capacitar a j\u00f3venes trabajadores con aptitudes para dise\u00f1ar, desarrollar e implementar sus actividades con la juventud, para empoderarlos y luchar la exclusi\u00f3n social de j\u00f3venes&#8230; <a class=\"wp-block-latest-posts__read-more\" href=\"https:\/\/www.actinyouth.eu\/es\/2022\/06\/30\/the-experience-of-theater-in-working-with-youth-in-social-exclusion-situations\/\" rel=\"noopener noreferrer\">Lee m\u00e1s<span class=\"screen-reader-text\">: M\u00e9todos de trabajo de teatro aplicado al trabajo con j\u00f3venes en exclusi\u00f3n social<\/span><\/a><\/div><\/li>\n<\/ul><\/div>\n<\/div>\n<\/div>\n<\/div>\n<\/div>\n<\/div>\n\n\n\n<p><\/p>\n","protected":false},"excerpt":{"rendered":"<p>Not\u00edcias y eventos<\/p>\n","protected":false},"author":1,"featured_media":0,"parent":0,"menu_order":0,"comment_status":"closed","ping_status":"closed","template":"","meta":{"_coblocks_attr":"","_coblocks_dimensions":"{\"coblocks-hero-5416129610\":{\"padding\":{}},\"coblocks-hero-5714232505\":{\"padding\":{}},\"coblocks-feature-54155911957\":{\"padding\":{\"paddingTop\":\"20px\",\"paddingRight\":\"20px\",\"paddingBottom\":\"20px\",\"paddingLeft\":\"20px\",\"paddingTopTablet\":null,\"paddingRightTablet\":null,\"paddingBottomTablet\":null,\"paddingLeftTablet\":null,\"paddingTopMobile\":null,\"paddingRightMobile\":null,\"paddingBottomMobile\":null,\"paddingLeftMobile\":null}},\"coblocks-feature-54155911952\":{\"padding\":{\"paddingTop\":\"20px\",\"paddingRight\":\"20px\",\"paddingBottom\":\"20px\",\"paddingLeft\":\"20px\",\"paddingTopTablet\":\"20px\",\"paddingRightTablet\":\"20px\",\"paddingBottomTablet\":\"20px\",\"paddingLeftTablet\":\"20px\",\"paddingTopMobile\":\"20px\",\"paddingRightMobile\":\"20px\",\"paddingBottomMobile\":\"20px\",\"paddingLeftMobile\":\"20px\"}}}","_coblocks_responsive_height":"","_coblocks_accordion_ie_support":"","footnotes":""},"class_list":["post-17","page","type-page","status-publish","hentry"],"translation":{"provider":"WPGlobus","version":"3.0.2","language":"es","enabled_languages":["en","es","ca","el","bg","it","pt","nl"],"languages":{"en":{"title":true,"content":true,"excerpt":false},"es":{"title":true,"content":true,"excerpt":false},"ca":{"title":true,"content":true,"excerpt":false},"el":{"title":true,"content":true,"excerpt":false},"bg":{"title":true,"content":true,"excerpt":false},"it":{"title":true,"content":true,"excerpt":false},"pt":{"title":true,"content":true,"excerpt":false},"nl":{"title":true,"content":true,"excerpt":false}}},"_links":{"self":[{"href":"https:\/\/www.actinyouth.eu\/es\/wp-json\/wp\/v2\/pages\/17","targetHints":{"allow":["GET"]}}],"collection":[{"href":"https:\/\/www.actinyouth.eu\/es\/wp-json\/wp\/v2\/pages"}],"about":[{"href":"https:\/\/www.actinyouth.eu\/es\/wp-json\/wp\/v2\/types\/page"}],"author":[{"embeddable":true,"href":"https:\/\/www.actinyouth.eu\/es\/wp-json\/wp\/v2\/users\/1"}],"replies":[{"embeddable":true,"href":"https:\/\/www.actinyouth.eu\/es\/wp-json\/wp\/v2\/comments?post=17"}],"version-history":[{"count":50,"href":"https:\/\/www.actinyouth.eu\/es\/wp-json\/wp\/v2\/pages\/17\/revisions"}],"predecessor-version":[{"id":706,"href":"https:\/\/www.actinyouth.eu\/es\/wp-json\/wp\/v2\/pages\/17\/revisions\/706"}],"wp:attachment":[{"href":"https:\/\/www.actinyouth.eu\/es\/wp-json\/wp\/v2\/media?parent=17"}],"curies":[{"name":"wp","href":"https:\/\/api.w.org\/{rel}","templated":true}]}}