{"id":373,"date":"2021-06-15T09:45:54","date_gmt":"2021-06-15T09:45:54","guid":{"rendered":"https:\/\/www.actinyouth.eu\/?page_id=373"},"modified":"2023-10-18T14:15:04","modified_gmt":"2023-10-18T13:15:04","slug":"project-results","status":"publish","type":"page","link":"https:\/\/www.actinyouth.eu\/es\/project-results\/","title":{"rendered":"Resultados del proyecto"},"content":{"rendered":"<p>&nbsp;<\/p>\r\n\r\n<p>Pr\u00f3ximamente encontrar\u00e1s en este apartado informaci\u00f3n detallada sobre los resultados del proyecto. Estos son los resultados esperados:<\/p>\r\n\r\n\r\n\r\n<div class=\"wp-block-image\">\r\n<figure class=\"alignright is-resized\"><img loading=\"lazy\" decoding=\"async\" class=\"wp-image-382\" src=\"https:\/\/www.actinyouth.eu\/wp-content\/uploads\/2021\/06\/result-3236285_1920-2-1024x683.jpg\" alt=\"\" width=\"344\" height=\"229\" srcset=\"https:\/\/www.actinyouth.eu\/wp-content\/uploads\/2021\/06\/result-3236285_1920-2-1024x683.jpg 1024w, https:\/\/www.actinyouth.eu\/wp-content\/uploads\/2021\/06\/result-3236285_1920-2-300x200.jpg 300w, https:\/\/www.actinyouth.eu\/wp-content\/uploads\/2021\/06\/result-3236285_1920-2-768x512.jpg 768w, https:\/\/www.actinyouth.eu\/wp-content\/uploads\/2021\/06\/result-3236285_1920-2-1536x1024.jpg 1536w, https:\/\/www.actinyouth.eu\/wp-content\/uploads\/2021\/06\/result-3236285_1920-2.jpg 1920w\" sizes=\"auto, (max-width: 344px) 100vw, 344px\" \/><\/figure>\r\n<\/div>\r\n\r\n\r\n\r\n<ul class=\"wp-block-list\">\r\n<li>Los y las<strong> j\u00f3venes <\/strong>con antecedentes culturales diferentes, que participan en las actividades locales, disfrutar\u00e1n de una gran oportunidad para interactuar con otros j\u00f3venes, encontrando formas comunes de comunicaci\u00f3n, interacci\u00f3n, comprensi\u00f3n mutua y colaboraci\u00f3n.<\/li>\r\n<li><strong>Plataforma interactiva<\/strong>: dise\u00f1ada para facilitar que los y las participantes de todos los pa\u00edses socios intercambien ideas, resultados y materiales sobre las actividades en curso (a nivel local y transnacional), que permanecer\u00e1n m\u00e1s all\u00e1 del proyecto como un repositorio de buenas pr\u00e1cticas desarrolladas y como herramienta de formaci\u00f3n en l\u00ednea para m\u00e1s trabajadores juveniles y para j\u00f3venes que quieran acercarse a la metodolog\u00eda.<\/li>\r\n<li>Un <strong>dosier<\/strong> que recoger\u00e1 los resultados de los proyectos, los desaf\u00edos espec\u00edficos y las soluciones implementadas, con el fin de difundirlo a\u00fan m\u00e1s a nivel nacional e internacional, especialmente dirigido a Organizaciones Juveniles y Autoridades P\u00fablicas que est\u00e9n interesadas en crear talleres locales interculturales dirigidos a la inclusi\u00f3n de los y las j\u00f3venes.\r\n<ul>\r\n<li><a href=\"https:\/\/www.actinyouth.eu\/wp-content\/uploads\/2023\/10\/IO1_ACTinYOUth_Curriculum_Spanish.pdf\">IO1 Curr\u00edculum de formaci\u00f3n<\/a><\/li>\r\n<li><a href=\"https:\/\/www.actinyouth.eu\/wp-content\/uploads\/2023\/10\/Final-IO2-Manual_ACTinYouTH-Spanish-october2023.pdf\">Manual ACTin&#8217;Youth<\/a><\/li>\r\n<\/ul>\r\n<\/li>\r\n<li>Una <strong>red virtual<\/strong> de todas las organizaciones, asociaciones, grupos informales de j\u00f3venes que trabajan con el teatro y las artes esc\u00e9nicas como herramientas para la inclusi\u00f3n social y el di\u00e1logo intercultural.<\/li>\r\n<li><strong>Internacionalizaci\u00f3n de una nueva metodolog\u00eda<\/strong>.<\/li>\r\n<\/ul>\r\n\r\n<p>&nbsp;<\/p>","protected":false},"excerpt":{"rendered":"<p>&nbsp; Pr\u00f3ximamente encontrar\u00e1s en este apartado informaci\u00f3n detallada sobre los resultados del proyecto. Estos son los resultados esperados: Los y las j\u00f3venes con antecedentes culturales diferentes, que participan en las actividades locales, disfrutar\u00e1n de una gran oportunidad para interactuar con otros j\u00f3venes, encontrando formas comunes de comunicaci\u00f3n, interacci\u00f3n, comprensi\u00f3n mutua y colaboraci\u00f3n. Plataforma interactiva: dise\u00f1ada [&hellip;]<\/p>\n","protected":false},"author":1,"featured_media":0,"parent":0,"menu_order":0,"comment_status":"closed","ping_status":"closed","template":"","meta":{"_coblocks_attr":"","_coblocks_dimensions":"","_coblocks_responsive_height":"","_coblocks_accordion_ie_support":"","footnotes":""},"class_list":["post-373","page","type-page","status-publish","hentry"],"translation":{"provider":"WPGlobus","version":"3.0.2","language":"es","enabled_languages":["en","es","ca","el","bg","it","pt","nl"],"languages":{"en":{"title":true,"content":true,"excerpt":false},"es":{"title":true,"content":true,"excerpt":false},"ca":{"title":true,"content":true,"excerpt":false},"el":{"title":true,"content":true,"excerpt":false},"bg":{"title":true,"content":true,"excerpt":false},"it":{"title":true,"content":true,"excerpt":false},"pt":{"title":true,"content":true,"excerpt":false},"nl":{"title":true,"content":true,"excerpt":false}}},"_links":{"self":[{"href":"https:\/\/www.actinyouth.eu\/es\/wp-json\/wp\/v2\/pages\/373","targetHints":{"allow":["GET"]}}],"collection":[{"href":"https:\/\/www.actinyouth.eu\/es\/wp-json\/wp\/v2\/pages"}],"about":[{"href":"https:\/\/www.actinyouth.eu\/es\/wp-json\/wp\/v2\/types\/page"}],"author":[{"embeddable":true,"href":"https:\/\/www.actinyouth.eu\/es\/wp-json\/wp\/v2\/users\/1"}],"replies":[{"embeddable":true,"href":"https:\/\/www.actinyouth.eu\/es\/wp-json\/wp\/v2\/comments?post=373"}],"version-history":[{"count":32,"href":"https:\/\/www.actinyouth.eu\/es\/wp-json\/wp\/v2\/pages\/373\/revisions"}],"predecessor-version":[{"id":1282,"href":"https:\/\/www.actinyouth.eu\/es\/wp-json\/wp\/v2\/pages\/373\/revisions\/1282"}],"wp:attachment":[{"href":"https:\/\/www.actinyouth.eu\/es\/wp-json\/wp\/v2\/media?parent=373"}],"curies":[{"name":"wp","href":"https:\/\/api.w.org\/{rel}","templated":true}]}}