{"id":391,"date":"2021-06-15T10:12:45","date_gmt":"2021-06-15T10:12:45","guid":{"rendered":"https:\/\/www.actinyouth.eu\/?page_id=391"},"modified":"2022-06-17T11:37:45","modified_gmt":"2022-06-17T10:37:45","slug":"about-us","status":"publish","type":"page","link":"https:\/\/www.actinyouth.eu\/es\/about-us\/","title":{"rendered":"Quines somos"},"content":{"rendered":"\r\n<p>El proyecto se lleva a cabo a nivel transnacional ya que el intercambio de las diferentes experiencias enriquecer\u00e1 los resultados (tangibles e intangibles) del proyecto con un punto de vista multidimensional, asegurado tambi\u00e9n por la complementariedad de las organizaciones socias.<\/p>\r\n\r\n\r\n\r\n<h2 class=\"wp-block-heading\">Conoce a las organizaciones colaboradoras:<\/h2>\r\n\r\n\r\n\r\n<div class=\"wp-block-coblocks-author has-background has-white-background-color\"><figure class=\"wp-block-coblocks-author__avatar\"><img decoding=\"async\" class=\"wp-block-coblocks-author__avatar-img\" src=\"https:\/\/www.actinyouth.eu\/wp-content\/uploads\/2021\/06\/Culture.World_.Me_.-Organisation-Logo.png\" alt=\"<strong&gt;Stichting CWM Education<\/strong&gt;\"\/><\/figure><div class=\"wp-block-coblocks-author__content\"><span class=\"wp-block-coblocks-author__name\"><strong>Stichting CWM Education<\/strong><\/span><p class=\"wp-block-coblocks-author__biography\">La fundaci\u00f3n tiene como objetivo crear conciencia sobre los derechos humanos. A trav\u00e9s de nuestro trabajo, aplicamos las artes esc\u00e9nicas y la narraci\u00f3n como herramientas para hacer cambios. A trav\u00e9s de nuestros eventos y proyectos estamos fomentando el respeto a la diversidad cultural y contribuyendo a una sociedad inclusiva donde prevalecen los valores de respeto, colaboraci\u00f3n y comprensi\u00f3n.<br\/><br\/>Culture.World.Me se fund\u00f3 en 2015 en Alemania como un grupo informal de j\u00f3venes y ha estado operando en Alemania desde entonces. En 2020 tambi\u00e9n hemos establecido una base en los Pa\u00edses Bajos, \u00c1msterdam, para continuar con proyectos educativos que amamos y trabajar en causas en nuestras comunidades que nos preocupan.<\/p>\r\n<div class=\"wp-block-button\"><a class=\"wp-block-button__link\" href=\"https:\/\/www.cultureworldme.com\/\" target=\"_blank\" rel=\"noreferrer noopener\">cultureworldme.com<\/a><\/div>\r\n<\/div><\/div>\r\n\r\n\r\n\r\n<div class=\"wp-block-coblocks-author has-background has-white-background-color has-normal-font-size\"><figure class=\"wp-block-coblocks-author__avatar\"><img decoding=\"async\" class=\"wp-block-coblocks-author__avatar-img\" src=\"https:\/\/www.actinyouth.eu\/wp-content\/uploads\/2021\/06\/LOGO-SMASCHERATI-nero-su-trasparente-1.jpg\" alt=\"<strong&gt;Associazione Culturale Smascherati!<\/strong&gt;\"\/><\/figure><div class=\"wp-block-coblocks-author__content\"><span class=\"wp-block-coblocks-author__name\"><strong>Associazione Culturale Smascherati!<\/strong><\/span><p class=\"wp-block-coblocks-author__biography\">La Asociaci\u00f3n de Promoci\u00f3n Social y Cultural Smascherati! APS tiene como objetivo perseguir el inter\u00e9s general de la comunidad en la promoci\u00f3n humana a trav\u00e9s del teatro y otras artes esc\u00e9nicas, concebidas como herramientas para el crecimiento personal, la comunicaci\u00f3n y la difusi\u00f3n de valores como el di\u00e1logo intercultural y la inclusi\u00f3n social y cultural, contra el malestar juvenil y a favor de la integraci\u00f3n generacional. Fundada en 1989 en la ciudad de Perugia por artistas de diversos or\u00edgenes teatrales, \u00abSmascherati!\u00bb Siempre ha trabajado para hacer que las experiencias humanas y las culturas divergentes se re\u00fanan a trav\u00e9s del teatro y diferentes formas de expresi\u00f3n art\u00edstica. Expertos en teatro y danza-teatro, de Italia y otros pa\u00edses, colaboran regularmente en nuestras actividades de investigaci\u00f3n y formaci\u00f3n. Nuestras actividades incluyen talleres y seminarios pr\u00e1cticos y te\u00f3ricos sobre teatro intercultural, actividades art\u00edsticas y culturales, y ejecuci\u00f3n de proyectos a nivel local, nacional y europeo (Erasmus +). Nuestras actuaciones se caracterizan por la riqueza de las diferentes culturas de pertenencia de los participantes y se muestran al p\u00fablico en festivales locales, nacionales e internacionales.<\/p>\r\n<div class=\"wp-block-button\"><a class=\"wp-block-button__link\" href=\"https:\/\/www.humanbeings.it\/\" target=\"_blank\" rel=\"noreferrer noopener\">humanbeings.it<\/a><\/div>\r\n<\/div><\/div>\r\n\r\n\r\n\r\n<div class=\"wp-block-coblocks-author has-background has-white-background-color has-normal-font-size\"><figure class=\"wp-block-coblocks-author__avatar\"><img decoding=\"async\" class=\"wp-block-coblocks-author__avatar-img\" src=\"https:\/\/www.actinyouth.eu\/wp-content\/uploads\/2021\/06\/png-blue.png\" alt=\"<strong&gt;Sdruzhenie Walk together<\/strong&gt;\"\/><\/figure><div class=\"wp-block-coblocks-author__content\"><span class=\"wp-block-coblocks-author__name\"><strong>Sdruzhenie Walk together<\/strong><\/span><p class=\"wp-block-coblocks-author__biography\">Walktogether (WT) se centra en proyectos comunitarios y, junto con sus formadores y trabajadores juveniles, trabajamos para hacer de la educaci\u00f3n no formal parte de la educaci\u00f3n formal. Nuestra participaci\u00f3n a nivel de la UE se realiza a trav\u00e9s de diferentes programas de la UE (EUCiz, Erasmus +) y los temas en los que nos enfocamos est\u00e1n relacionados con la econom\u00eda social y son de inter\u00e9s para nuestro grupo objetivo, que son j\u00f3venes de 18 a\u00f1os o m\u00e1s, trabajadores juveniles y estudiantes adultos, incluidas las personas con menos oportunidades y con obst\u00e1culos culturales y sociales. WT est\u00e1 cooperando a nivel local con escuelas, municipios y centros juveniles estatales para lograr sus objetivos y abordar las necesidades de nuestro grupo objetivo.<br\/><\/p>\r\n<div class=\"wp-block-button\"><a class=\"wp-block-button__link\" href=\"https:\/\/www.facebook.com\/associationwalktogether\/\" target=\"_blank\" rel=\"noreferrer noopener\">facebook.com\/associationwalktogether<\/a><\/div>\r\n<\/div><\/div>\r\n\r\n\r\n\r\n<div class=\"wp-block-coblocks-author has-background has-white-background-color has-normal-font-size\"><figure class=\"wp-block-coblocks-author__avatar\"><img decoding=\"async\" class=\"wp-block-coblocks-author__avatar-img\" src=\"https:\/\/www.actinyouth.eu\/wp-content\/uploads\/2021\/06\/Check-IN_Logotipo_Cor.png\" alt=\"<strong&gt;Associacao Check-in Cooperacao e Desenvolvimento<\/strong&gt;\"\/><\/figure><div class=\"wp-block-coblocks-author__content\"><span class=\"wp-block-coblocks-author__name\"><strong>Associacao Check-in Cooperacao e Desenvolvimento<\/strong><\/span><p class=\"wp-block-coblocks-author__biography\">Check-IN Association &#8211; Cooperation and Development es una organizaci\u00f3n sin fines de lucro, fundada en 2010, con sede en Beja y que tambi\u00e9n opera desde Lisboa, Portugal. Trabaja en estrecha colaboraci\u00f3n con entidades p\u00fablicas y privadas, participando activamente en actividades de mejora de la calidad de vida. Nuestra organizaci\u00f3n se centra principalmente en la movilidad de j\u00f3venes y adultos, la educaci\u00f3n no formal, la cooperaci\u00f3n y el desarrollo de organizaciones e individuos y el intercambio general de conocimientos, a trav\u00e9s del apoyo de iniciativas de cooperaci\u00f3n europea. Nuestras actividades incluyen talleres, seminarios, actividades de formaci\u00f3n de equipos y cursos de formaci\u00f3n. Trabajamos directamente con proyectos KA1, KA2 y Sports del Programa Erasmus +; Programa del Cuerpo Europeo de Solidaridad Europa con los Ciudadanos y Programa Horizonte 2020 de la Comisi\u00f3n Europea.<br\/><br\/>Check-IN Association es tambi\u00e9n un Centro Multiplicador Eurodesk en Lisboa y Beja y miembro de la Fundaci\u00f3n Anna Lindh y la Fundaci\u00f3n Europea de la Juventud.<\/p>\r\n<div class=\"wp-block-button\"><a class=\"wp-block-button__link\" href=\"http:\/\/www.checkin.org.pt\" target=\"_blank\" rel=\"noreferrer noopener\">checkin.org.pt<\/a><\/div>\r\n<\/div><\/div>\r\n\r\n\r\n\r\n<div class=\"wp-block-coblocks-author has-background has-white-background-color has-normal-font-size\"><figure class=\"wp-block-coblocks-author__avatar\"><img decoding=\"async\" class=\"wp-block-coblocks-author__avatar-img\" src=\"https:\/\/www.actinyouth.eu\/wp-content\/uploads\/2021\/06\/Iasis_Logo-white-back.png\" alt=\"<strong&gt;Iasis<\/strong&gt;\"\/><\/figure><div class=\"wp-block-coblocks-author__content\"><span class=\"wp-block-coblocks-author__name\"><strong>Iasis<\/strong><\/span><p class=\"wp-block-coblocks-author__biography\">La ONG IASIS es una organizaci\u00f3n no gubernamental sin \u00e1nimo de lucro activa en el \u00e1mbito de la Inclusi\u00f3n Social, la Salud Mental y la Desinstitucionalizaci\u00f3n, que participa activamente en la reforma psiqui\u00e1trica impulsada por el Ministerio de Sanidad y Solidaridad Social y la Uni\u00f3n Europea. IASIS tiene un registro oficial como Organizaci\u00f3n Privada sin Fines de Lucro y un Registro Especial en Listas de Organizaciones Voluntarias No Gubernamentales manejadas por la Direcci\u00f3n General de Bienestar. La organizaci\u00f3n tambi\u00e9n cuenta con un Sistema de Competencia Gerencial certificado por el Servicio Especial \/ Departamento de Salud y Solidaridad Social. El objetivo principal de la organizaci\u00f3n es brindar apoyo psicosocial y educaci\u00f3n a las personas que pertenecen al \u00e1mbito de la exclusi\u00f3n o est\u00e1n en riesgo de exclusi\u00f3n, y a los estudiantes adultos en el \u00e1mbito humanitario.<br\/><\/p>\r\n<div class=\"wp-block-button\"><a class=\"wp-block-button__link\" href=\"http:\/\/www.iasismed.eu\" target=\"_blank\" rel=\"noreferrer noopener\">iasismed.eu<\/a><\/div>\r\n<\/div><\/div>\r\n\r\n\r\n\r\n<div class=\"wp-block-coblocks-author has-background has-white-background-color has-normal-font-size\"><figure class=\"wp-block-coblocks-author__avatar\"><img decoding=\"async\" class=\"wp-block-coblocks-author__avatar-img\" src=\"https:\/\/www.actinyouth.eu\/wp-content\/uploads\/2021\/06\/Colecticbaseline_1_fons_blanc_250_.png\" alt=\"<strong&gt;Colectic, SCCL<\/strong&gt;\"\/><\/figure><div class=\"wp-block-coblocks-author__content\"><span class=\"wp-block-coblocks-author__name\"><strong>Colectic, SCCL<\/strong><\/span><p class=\"wp-block-coblocks-author__biography\">Colectic es una cooperativa sin \u00e1nimo de lucro ubicada en Barcelona, con m\u00e1s de 25 a\u00f1os de experiencia. Fue fundada por un grupo de educadores en 1992 con el fin de trabajar con los y las j\u00f3venes del barrio del Raval de Barcelona. La misi\u00f3n principal de Colectic es trabajar por la transformaci\u00f3n social a trav\u00e9s de la participaci\u00f3n, el aprendizaje y la socializaci\u00f3n de las TIC. Trabajamos con tecnolog\u00eda para mejorar la situaci\u00f3n de las comunidades y colectivos de ciudadanos, con especial atenci\u00f3n a los colectivos con menos oportunidades: j\u00f3venes, ni\u00f1os, mujeres, inmigrantes, barrios de bajos ingresos econ\u00f3micos, etc. Colectic tambi\u00e9n trabaja en el desarrollo de las habilidades sociales y el di\u00e1logo intercultural con nuestros participantes.<br\/><br\/>Colectic cuenta con un equipo multidisciplinar de 21 profesionales que trabajan en proyectos relacionados con la comunicaci\u00f3n, educaci\u00f3n, formaci\u00f3n, innovaci\u00f3n social, desarrollo de sitios web y soporte inform\u00e1tico para ONG, escuelas primarias y secundarias, empoderamiento, comunidad y redes.<br\/><\/p>\r\n<div class=\"wp-block-button\"><a class=\"wp-block-button__link\" href=\"https:\/\/colectic.coop\" target=\"_blank\" rel=\"noreferrer noopener\">colectic.coop<\/a><\/div>\r\n<\/div><\/div>\r\n\r\n\r\n\r\n<p><\/p>\r\n","protected":false},"excerpt":{"rendered":"<p>El proyecto se lleva a cabo a nivel transnacional ya que el intercambio de las diferentes experiencias enriquecer\u00e1 los resultados (tangibles e intangibles) del proyecto con un punto de vista multidimensional, asegurado tambi\u00e9n por la complementariedad de las organizaciones socias. Conoce a las organizaciones colaboradoras:<\/p>\n","protected":false},"author":1,"featured_media":0,"parent":0,"menu_order":0,"comment_status":"closed","ping_status":"closed","template":"","meta":{"_coblocks_attr":"","_coblocks_dimensions":"","_coblocks_responsive_height":"","_coblocks_accordion_ie_support":"","footnotes":""},"class_list":["post-391","page","type-page","status-publish","hentry"],"translation":{"provider":"WPGlobus","version":"3.0.2","language":"es","enabled_languages":["en","es","ca","el","bg","it","pt","nl"],"languages":{"en":{"title":true,"content":true,"excerpt":false},"es":{"title":true,"content":true,"excerpt":false},"ca":{"title":true,"content":true,"excerpt":false},"el":{"title":true,"content":true,"excerpt":false},"bg":{"title":true,"content":true,"excerpt":false},"it":{"title":true,"content":true,"excerpt":false},"pt":{"title":true,"content":true,"excerpt":false},"nl":{"title":true,"content":true,"excerpt":false}}},"_links":{"self":[{"href":"https:\/\/www.actinyouth.eu\/es\/wp-json\/wp\/v2\/pages\/391","targetHints":{"allow":["GET"]}}],"collection":[{"href":"https:\/\/www.actinyouth.eu\/es\/wp-json\/wp\/v2\/pages"}],"about":[{"href":"https:\/\/www.actinyouth.eu\/es\/wp-json\/wp\/v2\/types\/page"}],"author":[{"embeddable":true,"href":"https:\/\/www.actinyouth.eu\/es\/wp-json\/wp\/v2\/users\/1"}],"replies":[{"embeddable":true,"href":"https:\/\/www.actinyouth.eu\/es\/wp-json\/wp\/v2\/comments?post=391"}],"version-history":[{"count":32,"href":"https:\/\/www.actinyouth.eu\/es\/wp-json\/wp\/v2\/pages\/391\/revisions"}],"predecessor-version":[{"id":1161,"href":"https:\/\/www.actinyouth.eu\/es\/wp-json\/wp\/v2\/pages\/391\/revisions\/1161"}],"wp:attachment":[{"href":"https:\/\/www.actinyouth.eu\/es\/wp-json\/wp\/v2\/media?parent=391"}],"curies":[{"name":"wp","href":"https:\/\/api.w.org\/{rel}","templated":true}]}}