{"id":368,"date":"2021-06-15T09:32:30","date_gmt":"2021-06-15T09:32:30","guid":{"rendered":"https:\/\/www.actinyouth.eu\/?page_id=368"},"modified":"2023-08-07T12:27:05","modified_gmt":"2023-08-07T11:27:05","slug":"the-project","status":"publish","type":"page","link":"https:\/\/www.actinyouth.eu\/it\/the-project\/","title":{"rendered":"Il progetto"},"content":{"rendered":"\n<p>Il principale obiettivo del progetto ACTin&#8217;YouTH \u00e8 quello di accrescere, attraverso l&#8217;utilizzo di metodologie teatrali, le competenze interculturali degli youth workers, con l&#8217;intento di creare workshop teatrali locali per favorire l&#8217;inclusione sociale di giovani, con diversi background culturali, a rischio di esclusione sociale.<\/p>\n\n\n\n<p>Gli youth workers acquisiranno competenze nel campo della comunicazione non violenta e nella risoluzione dei conflitti; svilupperanno le loro competenze comunicative attraverso le metodologie teatrali e lo storytelling; miglioreranno inoltre le competenze di comunicazione interculturale e gli approcci innovativi per l&#8217;inclusione di gruppi svantaggiati o poco rapprensentati, con l&#8217;obiettivo di contrastare la discriminazione e l&#8217;esclusione sociale.<\/p>\n\n\n\n<p>Attraverso un ambiente aperto e coinvolgente, creato attraverso i workshop teatrali, i giovani partecipanti miglioreranno in maniera significativa le competenze legate alla comunicazione, alla collaborazione e all&#8217;empatia, svilupperanno inoltre le 9 competenze defintive dal Lifecomp framework (2020).<\/p>\n\n\n\n<p>Attraverso la partecipazione attiva nei workshop teatrali, giovani migranti, rifugiati, richiedenti asilo, gruppi di minoranza etnica, diventeranno &#8220;giovani attori interculturali per l&#8217;inclusione sociale&#8221;, migliorando la propri fiducia in se stessi, acquisendo al contempo importanti competenze e conoscenze sui valori europei e le diverse culture. Inoltre, grazie alla piattaforma interattiva, tutti i partecipanti avranno anche l&#8217;opportunit\u00e0 di interagire, scambiare idee, materiali e creare una performance digitale finale.<\/p>\n\n\n\n<p>Crediamo che il dialogo interculturale tra i giovani possa trarre vantaggio dalla creativit\u00e0 e dalle metodologie performative, dal momento che imparano a mettere in pratica il dialogo interculturale e a esprimere loro stessi e le caratteristiche del gruppo di appartenenza in un modo diverso<\/p>\n\n\n\n<h3 class=\"wp-block-heading\">Partecipanti<\/h3>\n\n\n\n<p>Gli <strong>youth workers<\/strong> lavoreranno con giovani a rischio di esclusione sociale, in particolare con coloro che hanno un diverso background culturale o percorso di migrazione.<\/p>\n\n\n\n<p>I <strong>giovani<\/strong>, 18-30 anni, &#8211; arrivati da poco come migranti- rifugiati e richiedenti asilo- giovani di seconda generazione- giovani che appartengono a gruppi culturali minoritari- giovani autoctoni e artisti che vorrebbero prendere parte a un coinvolgente percorso attraverso la comunicazione interculturale.<\/p>\n\n\n\n<p>I partecipanti con minori opportunit\u00e0 costituiscono il target group di riferimento e i principali beneficiari dell&#8217;intero progetto. Il progetto \u00e8 stato ideato per mettere i giovani al centro di tutte le attivit\u00e0, rendendoli i reali protagonisti e parte atriva del progetto.<\/p>\n\n\n\n<h3 class=\"wp-block-heading\">Obiettivi specifici:<\/h3>\n\n\n\n<ul class=\"wp-block-list\"><li>sviluppare un corso basato sul teatro per migliorare le competenze interculturale e sociali degli youth workers, con l&#8217;obiettivo di coinvolgere giovani;<\/li><li>creare workshop interculturali locali e attivit\u00e0 on-line ad essi correlati;<\/li><li>creare una &#8220;performance digitale&#8221; collaborativa finale;<\/li><li>sviluppare una piattaforma interattiva e collaborativa e strumenti;<\/li><\/ul>\n\n\n\n<h3 class=\"wp-block-heading\">Priorit\u00e0<\/h3>\n\n\n\n<ul class=\"wp-block-list\"><li>Sviluppare competenze e inclusione attraverso la creativit\u00e0 e le arti.<\/li><li>Promuovere qualit\u00e0, innovazione e riconoscimento per gli youth workers.<\/li><li>Promuovere il coinvolgimento, la connessione e il potenziamento dei giovani.<\/li><\/ul>\n\n\n\n<h3 class=\"wp-block-heading\">Contesto:<\/h3>\n\n\n\n<p>Gli Youth Workers di tutti i paesi partner hanno riportato di non essere sufficentemente attrezzati per affrontare i problemi che i giovani con minori opportunit\u00e0 e\/o con diverso background culturale devono attualmente affrontare. Numerose ricerche mettono in evidenza come i giovani migranti spesso debbano confrontarsi con seri svantaggi nella nostra societ\u00e0, cos\u00ec come nel mercato del lavoro o nel sistema educativo.<\/p>\n\n\n\n<p>Tuttavia, l&#8217;esperienza dei nostri partner mostra come durante l&#8217;emergenza sanitaria globale, la popolazione giovane \u00e8 stata maggiormente esposta a problemi socio-economici, all&#8217;isolamento e al rischio di essere contagiati dal virus. Inoltre, gli youth workers hanno riscontrato problemi di lungo termine nell&#8217;approccio con questo specifico target group nelle attivit\u00e0 culturali o educative. Per questo ACTin&#8217;YouTH ha come obiettivo di incoraggiare giovani e organizzazioni di giovani sviluppando programmi per incoraggiare una crescita personale, sociale e culturale, ponendo l&#8217;accento sulla promozione dell&#8217;impegno giovanile, l&#8217;educazione interculturale e un piano che metta al centro i giovani attraverso l&#8217;educazione non formale.<\/p>\n\n\n\n<h3 class=\"wp-block-heading\">Risultati attesi:<\/h3>\n\n\n\n<ul class=\"wp-block-list\"><li><strong>Youth workers<\/strong> da sei diversi paesi lavoreranno sulle metodologie di comunicazione interculturale e basate sul teatro. Questi youth workers implementeranno, a livello locale, workshop teatrali per coinvolgere in maniera pi\u00f9 efficace giovani a rischio di esclusione sociale, in particolare con diversi background culturali; svolgeranno attivit\u00e0 di insegnamento tra pari, insegnando ai loro colleghi queste metodologie, in modo da rendere gli effetti del progetto pi\u00f9 ampi e sviluppando migliori competenze relazionali e comunicativa da utilizzare nel proprio lavoro con i giovani e coinvolgerli in maniera efficace nei loro progetti.<\/li><li><strong>Giovani<\/strong>, con differenti background culturali, prenderanno parte alle attivit\u00e0 locali, sperimenteranno e avranno l&#8217;opportunit\u00e0 di confrontarsi con altri giovani, troveranno modi comuni di comunicazione, confronto, comprensione reciprova e collaborazione.<\/li><li>Una <strong>piattaforma interattiva<\/strong>: per rendere pi\u00f9 semplice, per tutti i partecipanti dei paesi partner, lo scambio di idee, i risultati e i materiali raccolti durante le attivit\u00e0 svolte (a livello locale e internazionale). La piattaforma rester\u00e0 attiva anche dopo la fine del progetto come un archivio di buone pratiche sviluppate durante le attivit\u00e0 e come strumento di apprendimento digitale per altri Youth Workers e Giovani che vorranno avvicinarsi alla metodologia.<\/li><li>Un <strong>manuale<\/strong> che raccoglier\u00e0 i risultati del progetto, le sfide e le soluzioni trovate, con l&#8217;obiettivo di condividerli a livello nazionale e internazionale, rivolto in particolare alle Organizzazioni giovanili e alle Pubbliche Autorit\u00e0, che dovrebbero essere interessate a creare workshop interculturali locali con l&#8217;intento di includere i giovani.<\/li><li>Un <strong>network virtuale<\/strong> di tutte le organizzazioni, associazioni, gruppi informali di youth workers che utilizzano il teatro e le arti performative come strumento di inclusione sociale e dialogo interculturale.<\/li><li><strong>Internazionalizzazione di nuove metodologie.<\/strong><\/li><\/ul>\n","protected":false},"excerpt":{"rendered":"<p>Il principale obiettivo del progetto ACTin&#8217;YouTH \u00e8 quello di accrescere, attraverso l&#8217;utilizzo di metodologie teatrali, le competenze interculturali degli youth workers, con l&#8217;intento di creare workshop teatrali locali per favorire l&#8217;inclusione sociale di giovani, con diversi background culturali, a rischio di esclusione sociale. Gli youth workers acquisiranno competenze nel campo della comunicazione non violenta e [&hellip;]<\/p>\n","protected":false},"author":1,"featured_media":0,"parent":0,"menu_order":0,"comment_status":"closed","ping_status":"closed","template":"","meta":{"_coblocks_attr":"","_coblocks_dimensions":"","_coblocks_responsive_height":"","_coblocks_accordion_ie_support":"","footnotes":""},"class_list":["post-368","page","type-page","status-publish","hentry"],"translation":{"provider":"WPGlobus","version":"3.0.2","language":"it","enabled_languages":["en","es","ca","el","bg","it","pt","nl"],"languages":{"en":{"title":true,"content":true,"excerpt":false},"es":{"title":true,"content":true,"excerpt":false},"ca":{"title":true,"content":true,"excerpt":false},"el":{"title":true,"content":true,"excerpt":false},"bg":{"title":true,"content":true,"excerpt":false},"it":{"title":true,"content":true,"excerpt":false},"pt":{"title":true,"content":true,"excerpt":false},"nl":{"title":true,"content":true,"excerpt":false}}},"_links":{"self":[{"href":"https:\/\/www.actinyouth.eu\/it\/wp-json\/wp\/v2\/pages\/368","targetHints":{"allow":["GET"]}}],"collection":[{"href":"https:\/\/www.actinyouth.eu\/it\/wp-json\/wp\/v2\/pages"}],"about":[{"href":"https:\/\/www.actinyouth.eu\/it\/wp-json\/wp\/v2\/types\/page"}],"author":[{"embeddable":true,"href":"https:\/\/www.actinyouth.eu\/it\/wp-json\/wp\/v2\/users\/1"}],"replies":[{"embeddable":true,"href":"https:\/\/www.actinyouth.eu\/it\/wp-json\/wp\/v2\/comments?post=368"}],"version-history":[{"count":37,"href":"https:\/\/www.actinyouth.eu\/it\/wp-json\/wp\/v2\/pages\/368\/revisions"}],"predecessor-version":[{"id":1263,"href":"https:\/\/www.actinyouth.eu\/it\/wp-json\/wp\/v2\/pages\/368\/revisions\/1263"}],"wp:attachment":[{"href":"https:\/\/www.actinyouth.eu\/it\/wp-json\/wp\/v2\/media?parent=368"}],"curies":[{"name":"wp","href":"https:\/\/api.w.org\/{rel}","templated":true}]}}