{"id":373,"date":"2021-06-15T09:45:54","date_gmt":"2021-06-15T09:45:54","guid":{"rendered":"https:\/\/www.actinyouth.eu\/?page_id=373"},"modified":"2023-10-18T14:15:04","modified_gmt":"2023-10-18T13:15:04","slug":"project-results","status":"publish","type":"page","link":"https:\/\/www.actinyouth.eu\/it\/project-results\/","title":{"rendered":"Risultati del progetto"},"content":{"rendered":"<p>&nbsp;<\/p>\r\n\r\n<div class=\"wp-block-image\">\r\n<figure class=\"alignright is-resized\"><img loading=\"lazy\" decoding=\"async\" class=\"wp-image-382\" src=\"https:\/\/www.actinyouth.eu\/wp-content\/uploads\/2021\/06\/result-3236285_1920-2-1024x683.jpg\" alt=\"\" width=\"344\" height=\"229\" srcset=\"https:\/\/www.actinyouth.eu\/wp-content\/uploads\/2021\/06\/result-3236285_1920-2-1024x683.jpg 1024w, https:\/\/www.actinyouth.eu\/wp-content\/uploads\/2021\/06\/result-3236285_1920-2-300x200.jpg 300w, https:\/\/www.actinyouth.eu\/wp-content\/uploads\/2021\/06\/result-3236285_1920-2-768x512.jpg 768w, https:\/\/www.actinyouth.eu\/wp-content\/uploads\/2021\/06\/result-3236285_1920-2-1536x1024.jpg 1536w, https:\/\/www.actinyouth.eu\/wp-content\/uploads\/2021\/06\/result-3236285_1920-2.jpg 1920w\" sizes=\"auto, (max-width: 344px) 100vw, 344px\" \/><\/figure>\r\n<\/div>\r\n\r\n\r\n\r\n<ul class=\"wp-block-list\">\r\n<li><strong>Giovani<\/strong>, con differenti background culturali, prenderanno parte alle attivit\u00e0 locali, sperimenteranno e avranno l&#8217;opportunit\u00e0 di confrontarsi con altri giovani, troveranno modi comuni di comunicazione, confronto, comprensione reciprova e collaborazione.<\/li>\r\n<li><strong>Una piattaforma interattiva<\/strong>: per rendere pi\u00f9 semplice, per tutti i partecipanti dei paesi partner, lo scambio di idee, i risultati e i materiali raccolti durante le attivit\u00e0 svolte (a livello locale e internazionale). La piattaforma rester\u00e0 attiva anche dopo la fine del progetto come un archivio di buone pratiche sviluppate durante le attivit\u00e0 e come strumento di apprendimento digitale per altri Youth Workers e Giovani che vorranno avvicinarsi alla metodologia.<\/li>\r\n<li><strong>Un manuale<\/strong> che raccoglier\u00e0 i risultati del progetto, le sfide e le soluzioni trovate, con l&#8217;obiettivo di condividerli a livello nazionale e internazionale, rivolto in particolare alle Organizzazioni giovanili e alle Pubbliche Autorit\u00e0, che dovrebbero essere interessate a creare workshop interculturali locali con l&#8217;intento di includere i giovani.\r\n<ul>\r\n<li><a href=\"https:\/\/www.actinyouth.eu\/wp-content\/uploads\/2023\/10\/Final_IO1_Training_Curriculum_Final_V.1._ITA.pdf\">IO1 Training Curriculum<\/a><\/li>\r\n<li><a href=\"https:\/\/www.actinyouth.eu\/wp-content\/uploads\/2023\/10\/Manuale_ACTinYouTH_ITA-.pdf\">Manuale ACTin\u2019YouTH<\/a><\/li>\r\n<\/ul>\r\n<\/li>\r\n<li><strong>Internazionalizzazione di un nuovo metodo<\/strong><\/li>\r\n<\/ul>\r\n\r\n<p>&nbsp;<\/p>","protected":false},"excerpt":{"rendered":"<p>&nbsp; Giovani, con differenti background culturali, prenderanno parte alle attivit\u00e0 locali, sperimenteranno e avranno l&#8217;opportunit\u00e0 di confrontarsi con altri giovani, troveranno modi comuni di comunicazione, confronto, comprensione reciprova e collaborazione. Una piattaforma interattiva: per rendere pi\u00f9 semplice, per tutti i partecipanti dei paesi partner, lo scambio di idee, i risultati e i materiali raccolti durante [&hellip;]<\/p>\n","protected":false},"author":1,"featured_media":0,"parent":0,"menu_order":0,"comment_status":"closed","ping_status":"closed","template":"","meta":{"_coblocks_attr":"","_coblocks_dimensions":"","_coblocks_responsive_height":"","_coblocks_accordion_ie_support":"","footnotes":""},"class_list":["post-373","page","type-page","status-publish","hentry"],"translation":{"provider":"WPGlobus","version":"3.0.2","language":"it","enabled_languages":["en","es","ca","el","bg","it","pt","nl"],"languages":{"en":{"title":true,"content":true,"excerpt":false},"es":{"title":true,"content":true,"excerpt":false},"ca":{"title":true,"content":true,"excerpt":false},"el":{"title":true,"content":true,"excerpt":false},"bg":{"title":true,"content":true,"excerpt":false},"it":{"title":true,"content":true,"excerpt":false},"pt":{"title":true,"content":true,"excerpt":false},"nl":{"title":true,"content":true,"excerpt":false}}},"_links":{"self":[{"href":"https:\/\/www.actinyouth.eu\/it\/wp-json\/wp\/v2\/pages\/373","targetHints":{"allow":["GET"]}}],"collection":[{"href":"https:\/\/www.actinyouth.eu\/it\/wp-json\/wp\/v2\/pages"}],"about":[{"href":"https:\/\/www.actinyouth.eu\/it\/wp-json\/wp\/v2\/types\/page"}],"author":[{"embeddable":true,"href":"https:\/\/www.actinyouth.eu\/it\/wp-json\/wp\/v2\/users\/1"}],"replies":[{"embeddable":true,"href":"https:\/\/www.actinyouth.eu\/it\/wp-json\/wp\/v2\/comments?post=373"}],"version-history":[{"count":32,"href":"https:\/\/www.actinyouth.eu\/it\/wp-json\/wp\/v2\/pages\/373\/revisions"}],"predecessor-version":[{"id":1282,"href":"https:\/\/www.actinyouth.eu\/it\/wp-json\/wp\/v2\/pages\/373\/revisions\/1282"}],"wp:attachment":[{"href":"https:\/\/www.actinyouth.eu\/it\/wp-json\/wp\/v2\/media?parent=373"}],"curies":[{"name":"wp","href":"https:\/\/api.w.org\/{rel}","templated":true}]}}