{"id":391,"date":"2021-06-15T10:12:45","date_gmt":"2021-06-15T10:12:45","guid":{"rendered":"https:\/\/www.actinyouth.eu\/?page_id=391"},"modified":"2022-06-17T11:37:45","modified_gmt":"2022-06-17T10:37:45","slug":"about-us","status":"publish","type":"page","link":"https:\/\/www.actinyouth.eu\/it\/about-us\/","title":{"rendered":"Chi siamo"},"content":{"rendered":"\r\n<p>Il progetto si svolge a livello internazionale riconoscendo che lo scambio delle diverse esperienze arricchir\u00e0 i risultati (tangibili e intangibili) del progetto con un punto di vista multidimensionale, assicurato anche dalla complementariet\u00e0 dei partner.<\/p>\r\n\r\n\r\n\r\n<h2 class=\"wp-block-heading\">Incontrare le organizzazioni partner:<\/h2>\r\n\r\n\r\n\r\n<div class=\"wp-block-coblocks-author has-background has-white-background-color\">\r\n<figure class=\"wp-block-coblocks-author__avatar\"><img decoding=\"async\" class=\"wp-block-coblocks-author__avatar-img\" src=\"https:\/\/www.actinyouth.eu\/wp-content\/uploads\/2021\/06\/Culture.World_.Me_.-Organisation-Logo.png\" alt=\"&lt;strong&gt;Stichting CWM Education&lt;\/strong&gt;\" \/><\/figure>\r\n<div class=\"wp-block-coblocks-author__content\"><span class=\"wp-block-coblocks-author__name\"><strong>Stichting CWM Education<\/strong><\/span>\r\n<p class=\"wp-block-coblocks-author__biography\">La fondazione mira a sensibilizzare sui diritti umani. Attraverso il nostro lavoro applichiamo le arti performative e lo storytelling come strumenti per cambiare. Attraverso i nostri eventi e progetti promuoviamo il rispetto per la diversit\u00e0 culturale e contribuiamo a una societ\u00e0 inclusiva in cui prevalgono i valori di rispetto, collaborazione e comprensione.<br \/><br \/>Culture.World.Me \u00e8 stata fondata nel 2015 in Germania come gruppo informale di giovani e da allora opera in Germania. Nel 2020 abbiamo anche stabilito una base nei Paesi Bassi, ad Amsterdam, per portare avanti progetti educativi che amiamo e lavorare su cause nelle nostre comunit\u00e0 a cui teniamo.<\/p>\r\n\r\n<div class=\"wp-block-button\"><a class=\"wp-block-button__link\" href=\"https:\/\/www.cultureworldme.com\/\" target=\"_blank\" rel=\"noreferrer noopener\">cultureworldme.com<\/a><\/div>\r\n<\/div>\r\n<\/div>\r\n\r\n\r\n\r\n<div class=\"wp-block-coblocks-author has-background has-white-background-color has-normal-font-size\">\r\n<figure class=\"wp-block-coblocks-author__avatar\"><img decoding=\"async\" class=\"wp-block-coblocks-author__avatar-img\" src=\"https:\/\/www.actinyouth.eu\/wp-content\/uploads\/2021\/06\/LOGO-SMASCHERATI-nero-su-trasparente-1.jpg\" alt=\"&lt;strong&gt;Associazione Culturale Smascherati!&lt;\/strong&gt;\" \/><\/figure>\r\n<div class=\"wp-block-coblocks-author__content\"><span class=\"wp-block-coblocks-author__name\"><strong>Associazione Culturale Smascherati!<\/strong><\/span>\r\n<p class=\"wp-block-coblocks-author__biography\">L&#8217;Associazione Culturale e di Promozione Sociale Smascherati! APS mira a perseguire l&#8217;interesse generale della comunit\u00e0 alla promozione umana attraverso il teatro e le altre arti performative, intese come strumenti di crescita personale, comunicazione e diffusione di valori come il dialogo interculturale e l&#8217;inclusione sociale e culturale, contro il disagio giovanile e a favore dell&#8217;integrazione generazionale . Fondata nel 1989 nella citt\u00e0 di Perugia da artisti di varia estrazione teatrale, \u201cSmascherati!\u201d ha sempre lavorato per far incontrare esperienze umane e culture ampiamente divergenti attraverso il teatro e le diverse forme di espressione artistica. Esperti di teatro e danza-teatro, italiani e non, collaborano regolarmente alle nostre attivit\u00e0 di ricerca e formazione. Le nostre attivit\u00e0 comprendono workshop e seminari pratici e teorici sul teatro interculturale, attivit\u00e0 artistiche e culturali e realizzazione di progetti a livello locale, nazionale ed europeo (Erasmus+). I nostri spettacoli si caratterizzano per la ricchezza delle diverse culture di appartenenza dei partecipanti e sono presentati al pubblico e ai festival locali, nazionali e internazionali.<\/p>\r\n\r\n<div class=\"wp-block-button\"><a class=\"wp-block-button__link\" href=\"https:\/\/www.humanbeings.it\/\" target=\"_blank\" rel=\"noreferrer noopener\">humanbeings.it<\/a><\/div>\r\n<\/div>\r\n<\/div>\r\n\r\n\r\n\r\n<div class=\"wp-block-coblocks-author has-background has-white-background-color has-normal-font-size\">\r\n<figure class=\"wp-block-coblocks-author__avatar\"><img decoding=\"async\" class=\"wp-block-coblocks-author__avatar-img\" src=\"https:\/\/www.actinyouth.eu\/wp-content\/uploads\/2021\/06\/png-blue.png\" alt=\"&lt;strong&gt;Sdruzhenie Walk together&lt;\/strong&gt;\" \/><\/figure>\r\n<div class=\"wp-block-coblocks-author__content\"><span class=\"wp-block-coblocks-author__name\"><strong>Sdruzhenie Walk together<\/strong><\/span>\r\n<p class=\"wp-block-coblocks-author__biography\">Walktogether (WT) \u00e8 focalizzato su progetti basati sulla comunit\u00e0 e insieme ai suoi formatori e youth workers lavoriamo per rendere l&#8217;educazione non formale parte dell&#8217;educazione formale. Il nostro coinvolgimento a livello dell&#8217;UE avviene attraverso diversi programmi dell&#8217;UE (EUCiz, Erasmus+) e gli argomenti su cui ci concentriamo sono di tipo socio-economico e di interesse per il nostro gruppo target che sono giovani di 18+ anni, youth workers e studenti adulti, comprese le persone con minori opportunit\u00e0 come ostacoli culturali e sociali. WT sta cooperando a livello locale con scuole, comuni e centri giovanili statali al fine di perseguire i propri obiettivi e rispondere alle esigenze del nostro gruppo target<\/p>\r\n\r\n<div class=\"wp-block-button\"><a class=\"wp-block-button__link\" href=\"https:\/\/www.facebook.com\/associationwalktogether\/\" target=\"_blank\" rel=\"noreferrer noopener\">facebook.com\/associationwalktogether<\/a><\/div>\r\n<\/div>\r\n<\/div>\r\n\r\n\r\n\r\n<div class=\"wp-block-coblocks-author has-background has-white-background-color has-normal-font-size\">\r\n<figure class=\"wp-block-coblocks-author__avatar\"><img decoding=\"async\" class=\"wp-block-coblocks-author__avatar-img\" src=\"https:\/\/www.actinyouth.eu\/wp-content\/uploads\/2021\/06\/Check-IN_Logotipo_Cor.png\" alt=\"&lt;strong&gt;Associacao Check-in Cooperacao e Desenvolvimento&lt;\/strong&gt;\" \/><\/figure>\r\n<div class=\"wp-block-coblocks-author__content\"><span class=\"wp-block-coblocks-author__name\"><strong>Associacao Check-in Cooperacao e Desenvolvimento<\/strong><\/span>\r\n<p class=\"wp-block-coblocks-author__biography\">Check-IN Association \u2013 Cooperazione e Sviluppo \u00e8 un&#8217;organizzazione senza scopo di lucro, fondata nel 2010, con sede a Beja e operante anche da Lisbona, in Portogallo. Opera in stretta collaborazione con enti pubblici e privati, partecipando attivamente alle attivit\u00e0 di miglioramento della qualit\u00e0 della vita. La nostra organizzazione si concentra principalmente sulla mobilit\u00e0 dei giovani e degli adulti, sull&#8217;educazione non formale, sulla cooperazione e sullo sviluppo di organizzazioni e individui e sulla condivisione complessiva della conoscenza, attraverso il supporto di iniziative di cooperazione europea. Le nostre attivit\u00e0 comprendono workshop, seminari, attivit\u00e0 di team building e corsi di formazione. Lavoriamo direttamente con KA1, KA2 e progetti sportivi nell&#8217;ambito del Programma Erasmus+; European Solidarity Corps Europe for Citizens Program e Horizon 2020 Programme della Commissione Europea.<br \/><br \/>Check-IN Association \u00e8 anche un centro moltiplicatore Eurodesk a Lisbona e Beja e membro della Fondazione Anna Lindh e della Fondazione europea per i giovani.<\/p>\r\n\r\n<div class=\"wp-block-button\"><a class=\"wp-block-button__link\" href=\"http:\/\/www.checkin.org.pt\" target=\"_blank\" rel=\"noreferrer noopener\">checkin.org.pt<\/a><\/div>\r\n<\/div>\r\n<\/div>\r\n\r\n\r\n\r\n<div class=\"wp-block-coblocks-author has-background has-white-background-color has-normal-font-size\">\r\n<figure class=\"wp-block-coblocks-author__avatar\"><img decoding=\"async\" class=\"wp-block-coblocks-author__avatar-img\" src=\"https:\/\/www.actinyouth.eu\/wp-content\/uploads\/2021\/06\/Iasis_Logo-white-back.png\" alt=\"&lt;strong&gt;Iasis&lt;\/strong&gt;\" \/><\/figure>\r\n<div class=\"wp-block-coblocks-author__content\"><span class=\"wp-block-coblocks-author__name\"><strong>Iasis<\/strong><\/span>\r\n<p class=\"wp-block-coblocks-author__biography\">IASIS ONG \u00e8 un&#8217;organizzazione non governativa, senza fini di lucro, attiva nel campo dell&#8217;inclusione sociale, della salute mentale e della deistituzionalizzazione, che partecipa attivamente alla riforma psichiatrica promossa dal Ministero della salute e della solidariet\u00e0 sociale e dall&#8217;Unione europea. IASIS ha una registrazione ufficiale come organizzazione privata senza scopo di lucro e una registrazione speciale negli elenchi delle organizzazioni volontarie non governative gestite dalla Direzione Generale del Welfare. L&#8217;organizzazione dispone inoltre di un Sistema di Competenze Gestionali certificato dal Servizio Speciale\/Dipartimento della Salute e Solidariet\u00e0 Sociale. L&#8217;obiettivo principale dell&#8217;organizzazione \u00e8 fornire supporto psicosociale e istruzione alle persone che appartengono o sono a rischio di esclusione e agli studenti adulti nel campo umanitario. <\/p>\r\n\r\n<div class=\"wp-block-button\"><a class=\"wp-block-button__link\" href=\"http:\/\/www.iasismed.eu\" target=\"_blank\" rel=\"noreferrer noopener\">iasismed.eu<\/a><\/div>\r\n<\/div>\r\n<\/div>\r\n\r\n\r\n\r\n<div class=\"wp-block-coblocks-author has-background has-white-background-color has-normal-font-size\">\r\n<figure class=\"wp-block-coblocks-author__avatar\"><img decoding=\"async\" class=\"wp-block-coblocks-author__avatar-img\" src=\"https:\/\/www.actinyouth.eu\/wp-content\/uploads\/2021\/06\/Colecticbaseline_1_fons_blanc_250_.png\" alt=\"&lt;strong&gt;Colectic, SCCL&lt;\/strong&gt;\" \/><\/figure>\r\n<div class=\"wp-block-coblocks-author__content\"><span class=\"wp-block-coblocks-author__name\"><strong>Colectic, SCCL<\/strong><\/span>\r\n<p class=\"wp-block-coblocks-author__biography\">Colectic \u00e8 una associazione senza scopo di lucro con sede a Barcellona, con pi\u00f9 di 25 anni di esperienza. E&#8217; stata creata da un gruppo di educatori nel 1992 con lo scopo di lavorare con i giovani di un quartiere di Barcellona, Raval. L&#8217;obiettivo principale di Colectic \u00e8 quello di impegnarsi per un atrasformazione sociale attraverso partecipazione, educazione e socializzazione di ICT. Lavoriamo con la tecnologia per migliorare la condizione delle comunit\u00e0 e dei cittadini, con un&#8217;attenzione speciale ai gruppi con minori possibilit\u00e0: giovani, bambini, donne, immigrati, quartieri con basso reddito. ecc. Colectic lavora inoltre sull&#8217;implementazione delle competenze sociali e del dialogo interculturale dei nostri partecipanti. Colectic si avvale di un team multidisciplinare di 21 professionisti, che lavorano nei campi della comunicazione, educazione, innovazione sociale, sviluppo di siti web, supporto IT per le ONG, nelle scuole primarie e secondarie, svilippo di comunit\u00e0 e reti. <\/p>\r\n\r\n<div class=\"wp-block-button\"><a class=\"wp-block-button__link\" href=\"https:\/\/colectic.coop\" target=\"_blank\" rel=\"noreferrer noopener\">colectic.coop<\/a><\/div>\r\n<\/div>\r\n<\/div>\r\n\r\n\r\n\r\n<p>&nbsp;<\/p>\r\n","protected":false},"excerpt":{"rendered":"<p>Il progetto si svolge a livello internazionale riconoscendo che lo scambio delle diverse esperienze arricchir\u00e0 i risultati (tangibili e intangibili) del progetto con un punto di vista multidimensionale, assicurato anche dalla complementariet\u00e0 dei partner. Incontrare le organizzazioni partner: &nbsp;<\/p>\n","protected":false},"author":1,"featured_media":0,"parent":0,"menu_order":0,"comment_status":"closed","ping_status":"closed","template":"","meta":{"_coblocks_attr":"","_coblocks_dimensions":"","_coblocks_responsive_height":"","_coblocks_accordion_ie_support":"","footnotes":""},"class_list":["post-391","page","type-page","status-publish","hentry"],"translation":{"provider":"WPGlobus","version":"3.0.2","language":"it","enabled_languages":["en","es","ca","el","bg","it","pt","nl"],"languages":{"en":{"title":true,"content":true,"excerpt":false},"es":{"title":true,"content":true,"excerpt":false},"ca":{"title":true,"content":true,"excerpt":false},"el":{"title":true,"content":true,"excerpt":false},"bg":{"title":true,"content":true,"excerpt":false},"it":{"title":true,"content":true,"excerpt":false},"pt":{"title":true,"content":true,"excerpt":false},"nl":{"title":true,"content":true,"excerpt":false}}},"_links":{"self":[{"href":"https:\/\/www.actinyouth.eu\/it\/wp-json\/wp\/v2\/pages\/391","targetHints":{"allow":["GET"]}}],"collection":[{"href":"https:\/\/www.actinyouth.eu\/it\/wp-json\/wp\/v2\/pages"}],"about":[{"href":"https:\/\/www.actinyouth.eu\/it\/wp-json\/wp\/v2\/types\/page"}],"author":[{"embeddable":true,"href":"https:\/\/www.actinyouth.eu\/it\/wp-json\/wp\/v2\/users\/1"}],"replies":[{"embeddable":true,"href":"https:\/\/www.actinyouth.eu\/it\/wp-json\/wp\/v2\/comments?post=391"}],"version-history":[{"count":32,"href":"https:\/\/www.actinyouth.eu\/it\/wp-json\/wp\/v2\/pages\/391\/revisions"}],"predecessor-version":[{"id":1161,"href":"https:\/\/www.actinyouth.eu\/it\/wp-json\/wp\/v2\/pages\/391\/revisions\/1161"}],"wp:attachment":[{"href":"https:\/\/www.actinyouth.eu\/it\/wp-json\/wp\/v2\/media?parent=391"}],"curies":[{"name":"wp","href":"https:\/\/api.w.org\/{rel}","templated":true}]}}