{"id":553,"date":"2021-06-17T08:15:09","date_gmt":"2021-06-17T07:15:09","guid":{"rendered":"https:\/\/www.actinyouth.eu\/?page_id=553"},"modified":"2023-08-07T13:17:51","modified_gmt":"2023-08-07T12:17:51","slug":"the-e-learning-space","status":"publish","type":"page","link":"https:\/\/www.actinyouth.eu\/it\/the-e-learning-space\/","title":{"rendered":"Lo spazio di e-learning"},"content":{"rendered":"\r\n<div class=\"wp-block-image is-style-default mb-0\">\r\n<figure class=\"alignright size-full is-resized\"><img loading=\"lazy\" decoding=\"async\" class=\"wp-image-554\" src=\"https:\/\/www.actinyouth.eu\/wp-content\/uploads\/2021\/06\/interactive-6300483_1920.jpg\" alt=\"\" width=\"480\" height=\"321\" srcset=\"https:\/\/www.actinyouth.eu\/wp-content\/uploads\/2021\/06\/interactive-6300483_1920.jpg 1920w, https:\/\/www.actinyouth.eu\/wp-content\/uploads\/2021\/06\/interactive-6300483_1920-300x200.jpg 300w, https:\/\/www.actinyouth.eu\/wp-content\/uploads\/2021\/06\/interactive-6300483_1920-1024x684.jpg 1024w, https:\/\/www.actinyouth.eu\/wp-content\/uploads\/2021\/06\/interactive-6300483_1920-768x513.jpg 768w, https:\/\/www.actinyouth.eu\/wp-content\/uploads\/2021\/06\/interactive-6300483_1920-1536x1026.jpg 1536w\" sizes=\"auto, (max-width: 480px) 100vw, 480px\" \/>\r\n<figcaption><br \/>Imagen de\u00a0<a href=\"https:\/\/pixabay.com\/es\/users\/geralt-9301\/?utm_source=link-attribution&amp;utm_medium=referral&amp;utm_campaign=image&amp;utm_content=6300483\">Gerd Altmann<\/a>\u00a0en\u00a0<a href=\"https:\/\/pixabay.com\/es\/?utm_source=link-attribution&amp;utm_medium=referral&amp;utm_campaign=image&amp;utm_content=6300483\">Pixabay<\/a>\u00a0<\/figcaption>\r\n<\/figure>\r\n<\/div>\r\n<p>\r\n\r\n<\/p>\r\n<p>Stiamo creando lo <a href=\"https:\/\/training.actinyouth.eu\/\">spazio di e-learning di ACTin&#8217;YOUth<\/a>.<\/p>\r\n<p>\r\n\r\n<\/p>\r\n<p>Uno spazio dove i partecipanti (sia Youth workers che giovani) avranno l&#8217;opportunit\u00e0 di inserire tutti i materiali didattici raccolti e prodotti per i diversi gruppi target.<\/p>\r\n<p>\r\n\r\n<\/p>\r\n<p>Un &#8220;e-incubator&#8221; che sar\u00e0 uno spazio collaborativo e divulgativo per la condivisione delle informazioni circa le buone pratiche e le attivit\u00e0 collegate all&#8217;apprendimento e alla comunicazione interculturale. L&#8217;incubatore \u00e8 inteso come un luogo, per i giovani, sia stranieri che locali, e per i formatori, di condivisione delle informazioni sugli aspetti culturali &#8211; per fornire loro le conoscenze e un luogo per mettere in comune contenuti per l&#8217;apprendimento tra pari.<\/p>\r\n<p>\r\n\r\n<\/p>\r\n<p>Uno strumento che, grazie al live streaming, consentir\u00e0 ai partecipanti di seguire i laboratori teatrali a livello internazionale, sia l&#8217;LLTA sia i workshop locali, generando cos\u00ec una forte connessione tra i partecipanti dei vari gruppi locali.<\/p>\r\n<p>\r\n\r\n<\/p>\r\n<p>Un archivio plurilingue per raccogliere le buone pratiche, sia da parte dei partner che degli stessi partecipanti, e il materiale del progetto. L&#8217;archivio sar\u00e0 dotato di un indice appositamente creato per filtrare le ricerche.<\/p>\r\n<p>\r\n\r\n<\/p>\r\n<p>Uno strumento di scrittura\/sceneggiatura digitale collaborativa dove raccogliere e lavorare con materiale audio-visivo proveniente dai workshop locali, con l&#8217;intento di creare una &#8220;Performance Digitale&#8221; conclusiva.<\/p>\r\n<p><\/p>","protected":false},"excerpt":{"rendered":"<p>Stiamo creando lo spazio di e-learning di ACTin&#8217;YOUth. Uno spazio dove i partecipanti (sia Youth workers che giovani) avranno l&#8217;opportunit\u00e0 di inserire tutti i materiali didattici raccolti e prodotti per i diversi gruppi target. Un &#8220;e-incubator&#8221; che sar\u00e0 uno spazio collaborativo e divulgativo per la condivisione delle informazioni circa le buone pratiche e le attivit\u00e0 [&hellip;]<\/p>\n","protected":false},"author":1,"featured_media":0,"parent":0,"menu_order":0,"comment_status":"closed","ping_status":"closed","template":"","meta":{"_coblocks_attr":"","_coblocks_dimensions":"","_coblocks_responsive_height":"","_coblocks_accordion_ie_support":"","footnotes":""},"class_list":["post-553","page","type-page","status-publish","hentry"],"translation":{"provider":"WPGlobus","version":"3.0.2","language":"it","enabled_languages":["en","es","ca","el","bg","it","pt","nl"],"languages":{"en":{"title":true,"content":true,"excerpt":false},"es":{"title":true,"content":true,"excerpt":false},"ca":{"title":true,"content":true,"excerpt":false},"el":{"title":true,"content":true,"excerpt":false},"bg":{"title":true,"content":true,"excerpt":false},"it":{"title":true,"content":true,"excerpt":false},"pt":{"title":true,"content":true,"excerpt":false},"nl":{"title":true,"content":true,"excerpt":false}}},"_links":{"self":[{"href":"https:\/\/www.actinyouth.eu\/it\/wp-json\/wp\/v2\/pages\/553","targetHints":{"allow":["GET"]}}],"collection":[{"href":"https:\/\/www.actinyouth.eu\/it\/wp-json\/wp\/v2\/pages"}],"about":[{"href":"https:\/\/www.actinyouth.eu\/it\/wp-json\/wp\/v2\/types\/page"}],"author":[{"embeddable":true,"href":"https:\/\/www.actinyouth.eu\/it\/wp-json\/wp\/v2\/users\/1"}],"replies":[{"embeddable":true,"href":"https:\/\/www.actinyouth.eu\/it\/wp-json\/wp\/v2\/comments?post=553"}],"version-history":[{"count":25,"href":"https:\/\/www.actinyouth.eu\/it\/wp-json\/wp\/v2\/pages\/553\/revisions"}],"predecessor-version":[{"id":1272,"href":"https:\/\/www.actinyouth.eu\/it\/wp-json\/wp\/v2\/pages\/553\/revisions\/1272"}],"wp:attachment":[{"href":"https:\/\/www.actinyouth.eu\/it\/wp-json\/wp\/v2\/media?parent=553"}],"curies":[{"name":"wp","href":"https:\/\/api.w.org\/{rel}","templated":true}]}}