{"id":373,"date":"2021-06-15T09:45:54","date_gmt":"2021-06-15T09:45:54","guid":{"rendered":"https:\/\/www.actinyouth.eu\/?page_id=373"},"modified":"2023-10-18T14:15:04","modified_gmt":"2023-10-18T13:15:04","slug":"project-results","status":"publish","type":"page","link":"https:\/\/www.actinyouth.eu\/pt\/project-results\/","title":{"rendered":"Resultado dos projectos"},"content":{"rendered":"<p>&nbsp;<\/p>\r\n\r\n<p>Em suma, voc\u00ea encontrar\u00e1 nesta se\u00e7\u00e3o informa\u00e7\u00f5es detalhadas sobre os resultados do projeto. Estes s\u00e3o os resultados esperados:<\/p>\r\n\r\n\r\n\r\n<div class=\"wp-block-image is-style-default\">\r\n<figure class=\"alignright is-resized\"><img loading=\"lazy\" decoding=\"async\" class=\"wp-image-382\" src=\"https:\/\/www.actinyouth.eu\/wp-content\/uploads\/2021\/06\/result-3236285_1920-2-1024x683.jpg\" alt=\"\" width=\"344\" height=\"229\" srcset=\"https:\/\/www.actinyouth.eu\/wp-content\/uploads\/2021\/06\/result-3236285_1920-2-1024x683.jpg 1024w, https:\/\/www.actinyouth.eu\/wp-content\/uploads\/2021\/06\/result-3236285_1920-2-300x200.jpg 300w, https:\/\/www.actinyouth.eu\/wp-content\/uploads\/2021\/06\/result-3236285_1920-2-768x512.jpg 768w, https:\/\/www.actinyouth.eu\/wp-content\/uploads\/2021\/06\/result-3236285_1920-2-1536x1024.jpg 1536w, https:\/\/www.actinyouth.eu\/wp-content\/uploads\/2021\/06\/result-3236285_1920-2.jpg 1920w\" sizes=\"auto, (max-width: 344px) 100vw, 344px\" \/><\/figure>\r\n<\/div>\r\n\r\n\r\n\r\n<ul class=\"wp-block-list\">\r\n<li><strong>Jovem<\/strong>&#8211; com uma forma\u00e7\u00e3o cultural diferente, participando das atividades locais, experimentar\u00e3o uma oportunidade envolvente de interagir com outros jovens, encontrando formas comuns de comunica\u00e7\u00e3o, intera\u00e7\u00e3o, compreens\u00e3o m\u00fatua e colabora\u00e7\u00e3o<\/li>\r\n<\/ul>\r\n\r\n\r\n\r\n<ul class=\"wp-block-list\">\r\n<li><strong>Plataforma interativa:<\/strong> para facilitar aos participantes de todos os pa\u00edses parceiros a troca de seus resultados e seus materiais sobre as atividades em andamento (a n\u00edvel local e transnacional) que permanecer\u00e3o ap\u00f3s a vida do projeto como um reposit\u00f3rio de boas pr\u00e1ticas desenvolvidas durante o projeto e como ferramenta de e-forma\u00e7\u00e3o para futuros Trabalhadores Juvenis e Jovens que desejam abordar a metodologia.<\/li>\r\n<\/ul>\r\n\r\n\r\n\r\n<ul class=\"wp-block-list\">\r\n<li><strong>Um manual<\/strong>&#8211; que recolher\u00e1 os resultados dos projectos, os desafios espec\u00edficos e as solu\u00e7\u00f5es implementadas, de forma a divulg\u00e1-lo ainda mais a n\u00edvel nacional e internacional, em particular dirigido a Organiza\u00e7\u00f5es Juvenis e Autoridades P\u00fablicas que devam estar interessadas na cria\u00e7\u00e3o de workshops interculturais locais direccionados ao social inclus\u00e3o de jovens.\r\n<ul>\r\n<li><a href=\"https:\/\/www.actinyouth.eu\/wp-content\/uploads\/2023\/10\/Final_IO1-Training-Curriculum_Final_PT.docx.pdf\">Curr\u00edculo de forma\u00e7\u00e3o IO1<\/a><\/li>\r\n<li><a href=\"https:\/\/www.actinyouth.eu\/wp-content\/uploads\/2023\/10\/Final_IO1-Training-Curriculum_Final_PT.docx.pdf\">Manual ACTin\u2019YouTH,Metodologias teatrais para inclus\u00e3o social<\/a><\/li>\r\n<\/ul>\r\n<\/li>\r\n<\/ul>\r\n\r\n\r\n\r\n<ul class=\"wp-block-list\">\r\n<li><strong>Uma rede virtual<\/strong>&#8211; de todas as organiza\u00e7\u00f5es, associa\u00e7\u00f5es, grupos informais de jovens que trabalham com teatro e artes performativas como ferramentas de inclus\u00e3o social e di\u00e1logo intercultural.<\/li>\r\n<li><strong>Internacionaliza\u00e7\u00e3o de uma nova metodologia.<\/strong><\/li>\r\n<\/ul>\r\n\r\n\r\n\r\n<p>&nbsp;<\/p>\r\n\r\n<p>&nbsp;<\/p>","protected":false},"excerpt":{"rendered":"<p>&nbsp; Em suma, voc\u00ea encontrar\u00e1 nesta se\u00e7\u00e3o informa\u00e7\u00f5es detalhadas sobre os resultados do projeto. Estes s\u00e3o os resultados esperados: Jovem&#8211; com uma forma\u00e7\u00e3o cultural diferente, participando das atividades locais, experimentar\u00e3o uma oportunidade envolvente de interagir com outros jovens, encontrando formas comuns de comunica\u00e7\u00e3o, intera\u00e7\u00e3o, compreens\u00e3o m\u00fatua e colabora\u00e7\u00e3o Plataforma interativa: para facilitar aos participantes de [&hellip;]<\/p>\n","protected":false},"author":1,"featured_media":0,"parent":0,"menu_order":0,"comment_status":"closed","ping_status":"closed","template":"","meta":{"_coblocks_attr":"","_coblocks_dimensions":"","_coblocks_responsive_height":"","_coblocks_accordion_ie_support":"","footnotes":""},"class_list":["post-373","page","type-page","status-publish","hentry"],"translation":{"provider":"WPGlobus","version":"3.0.2","language":"pt","enabled_languages":["en","es","ca","el","bg","it","pt","nl"],"languages":{"en":{"title":true,"content":true,"excerpt":false},"es":{"title":true,"content":true,"excerpt":false},"ca":{"title":true,"content":true,"excerpt":false},"el":{"title":true,"content":true,"excerpt":false},"bg":{"title":true,"content":true,"excerpt":false},"it":{"title":true,"content":true,"excerpt":false},"pt":{"title":true,"content":true,"excerpt":false},"nl":{"title":true,"content":true,"excerpt":false}}},"_links":{"self":[{"href":"https:\/\/www.actinyouth.eu\/pt\/wp-json\/wp\/v2\/pages\/373","targetHints":{"allow":["GET"]}}],"collection":[{"href":"https:\/\/www.actinyouth.eu\/pt\/wp-json\/wp\/v2\/pages"}],"about":[{"href":"https:\/\/www.actinyouth.eu\/pt\/wp-json\/wp\/v2\/types\/page"}],"author":[{"embeddable":true,"href":"https:\/\/www.actinyouth.eu\/pt\/wp-json\/wp\/v2\/users\/1"}],"replies":[{"embeddable":true,"href":"https:\/\/www.actinyouth.eu\/pt\/wp-json\/wp\/v2\/comments?post=373"}],"version-history":[{"count":32,"href":"https:\/\/www.actinyouth.eu\/pt\/wp-json\/wp\/v2\/pages\/373\/revisions"}],"predecessor-version":[{"id":1282,"href":"https:\/\/www.actinyouth.eu\/pt\/wp-json\/wp\/v2\/pages\/373\/revisions\/1282"}],"wp:attachment":[{"href":"https:\/\/www.actinyouth.eu\/pt\/wp-json\/wp\/v2\/media?parent=373"}],"curies":[{"name":"wp","href":"https:\/\/api.w.org\/{rel}","templated":true}]}}