{"id":391,"date":"2021-06-15T10:12:45","date_gmt":"2021-06-15T10:12:45","guid":{"rendered":"https:\/\/www.actinyouth.eu\/?page_id=391"},"modified":"2022-06-17T11:37:45","modified_gmt":"2022-06-17T10:37:45","slug":"about-us","status":"publish","type":"page","link":"https:\/\/www.actinyouth.eu\/pt\/about-us\/","title":{"rendered":"Sobre nos"},"content":{"rendered":"\r\n<p>O projeto \u00e9 realizado de forma transnacional reconhecendo que a troca das diferentes experi\u00eancias enriquecer\u00e1 os resultados (tang\u00edveis e intang\u00edveis) do projeto de um ponto de vista multidimensional, garantido tamb\u00e9m pela complementaridade dos parceiros.<\/p>\r\n\r\n\r\n\r\n<h2 class=\"wp-block-heading\">Coonhe\u00e7a as prganiza\u00e7\u00f5es parceiras:<\/h2>\r\n\r\n\r\n\r\n<div class=\"wp-block-coblocks-author has-background has-white-background-color\"><figure class=\"wp-block-coblocks-author__avatar\"><img decoding=\"async\" class=\"wp-block-coblocks-author__avatar-img\" src=\"https:\/\/www.actinyouth.eu\/wp-content\/uploads\/2021\/06\/Culture.World_.Me_.-Organisation-Logo.png\" alt=\"<strong&gt;Stichting CWM Education<\/strong&gt;\"\/><\/figure><div class=\"wp-block-coblocks-author__content\"><span class=\"wp-block-coblocks-author__name\"><strong>Stichting CWM Education<\/strong><\/span><p class=\"wp-block-coblocks-author__biography\">Stichting CWM Education A funda\u00e7\u00e3o visa aumentar a conscientiza\u00e7\u00e3o sobre os direitos humanos. Por meio do nosso trabalho, aplicamos as artes c\u00eanicas e a narra\u00e7\u00e3o de hist\u00f3rias como ferramentas para fazer mudan\u00e7as. Por meio de nossos eventos e projetos, fomentamos o respeito \u00e0 diversidade cultural e contribu\u00edmos para uma sociedade inclusiva, onde prevalecem os valores de respeito, colabora\u00e7\u00e3o e compreens\u00e3o. <br\/><br\/>O Culture.World.Me foi fundado em 2015 na Alemanha como um grupo informal de jovens e atua na Alemanha desde ent\u00e3o. Em 2020, tamb\u00e9m estabelecemos uma base na Holanda, Amsterd\u00e3, para continuar com projetos educacionais que amamos e trabalhando em causas em nossas comunidades pelas quais nos importamos. <\/p>\r\n<div class=\"wp-block-button\"><a class=\"wp-block-button__link\" href=\"https:\/\/www.cultureworldme.com\/\" target=\"_blank\" rel=\"noreferrer noopener\">cultureworldme.com<\/a><\/div>\r\n<\/div><\/div>\r\n\r\n\r\n\r\n<div class=\"wp-block-coblocks-author has-background has-white-background-color has-normal-font-size\"><figure class=\"wp-block-coblocks-author__avatar\"><img decoding=\"async\" class=\"wp-block-coblocks-author__avatar-img\" src=\"https:\/\/www.actinyouth.eu\/wp-content\/uploads\/2021\/06\/LOGO-SMASCHERATI-nero-su-trasparente-1.jpg\" alt=\"<strong&gt;Associazione Culturale Smascherati!<\/strong&gt;\"\/><\/figure><div class=\"wp-block-coblocks-author__content\"><span class=\"wp-block-coblocks-author__name\"><strong>Associazione Culturale Smascherati!<\/strong><\/span><p class=\"wp-block-coblocks-author__biography\">A Associa\u00e7\u00e3o de Promo\u00e7\u00e3o Cultural e Social Smascherati! A APS visa perseguir o interesse geral da comunidade na promo\u00e7\u00e3o humana atrav\u00e9s do teatro e outras artes performativas, concebidas como ferramentas para o crescimento pessoal, comunica\u00e7\u00e3o e dissemina\u00e7\u00e3o de valores como o di\u00e1logo intercultural e a inclus\u00e3o social e cultural, contra o desconforto dos jovens e a favor da integra\u00e7\u00e3o geracional . Fundada em 1989 na cidade de Perugia por artistas de diversas origens teatrais, a \u201cSmascherati!\u201d sempre trabalhou para fazer com que experi\u00eancias humanas e culturas amplamente divergentes se encontrassem por meio do teatro e de diferentes formas de express\u00e3o art\u00edstica. Especialistas em teatro e dan\u00e7a-teatro, da It\u00e1lia e de outros pa\u00edses, colaboram regularmente em nossas atividades de pesquisa e treinamento. As nossas atividades incluem workshops e semin\u00e1rios pr\u00e1ticos e te\u00f3ricos sobre teatro intercultural, atividades art\u00edsticas e culturais e implementa\u00e7\u00e3o de projetos a n\u00edvel local, nacional e europeu (Erasmus +). Nossas performances s\u00e3o caracterizadas pela riqueza das diferentes culturas de pertencimento dos participantes e s\u00e3o mostradas para o p\u00fablico e festivais locais, nacionais e internacionais.<\/p>\r\n<div class=\"wp-block-button\"><a class=\"wp-block-button__link\" href=\"https:\/\/www.humanbeings.it\/\" target=\"_blank\" rel=\"noreferrer noopener\">humanbeings.it<\/a><\/div>\r\n<\/div><\/div>\r\n\r\n\r\n\r\n<div class=\"wp-block-coblocks-author has-background has-white-background-color has-normal-font-size\"><figure class=\"wp-block-coblocks-author__avatar\"><img decoding=\"async\" class=\"wp-block-coblocks-author__avatar-img\" src=\"https:\/\/www.actinyouth.eu\/wp-content\/uploads\/2021\/06\/png-blue.png\" alt=\"<strong&gt;Sdruzhenie Walk together<\/strong&gt;\"\/><\/figure><div class=\"wp-block-coblocks-author__content\"><span class=\"wp-block-coblocks-author__name\"><strong>Sdruzhenie Walk together<\/strong><\/span><p class=\"wp-block-coblocks-author__biography\">Walktogether (WT) est\u00e1 focado em projetos baseados na comunidade e junto com seus treinadores e trabalhadores jovens trabalhamos para tornar a educa\u00e7\u00e3o n\u00e3o-formal parte da educa\u00e7\u00e3o formal. O nosso envolvimento a n\u00edvel da UE \u00e9 atrav\u00e9s de diferentes programas da UE (EUCiz, Erasmus +) e os t\u00f3picos em que enfocamos s\u00e3o socioecon\u00f4micos e de interesse para o nosso grupo-alvo que s\u00e3o jovens com 18 anos ou mais, trabalhadores jovens e alunos adultos, incluindo pessoas com menos oportunidades, como obst\u00e1culos culturais e sociais. A WT est\u00e1 cooperando em n\u00edvel local com escolas, munic\u00edpios e centros estaduais da juventude, a fim de perseguir seus objetivos e atender \u00e0s necessidades de nosso grupo-alvo.<br\/><\/p>\r\n<div class=\"wp-block-button\"><a class=\"wp-block-button__link\" href=\"https:\/\/www.facebook.com\/associationwalktogether\/\" target=\"_blank\" rel=\"noreferrer noopener\">facebook.com\/associationwalktogether<\/a><\/div>\r\n<\/div><\/div>\r\n\r\n\r\n\r\n<div class=\"wp-block-coblocks-author has-background has-white-background-color has-normal-font-size\"><figure class=\"wp-block-coblocks-author__avatar\"><img decoding=\"async\" class=\"wp-block-coblocks-author__avatar-img\" src=\"https:\/\/www.actinyouth.eu\/wp-content\/uploads\/2021\/06\/Check-IN_Logotipo_Cor.png\" alt=\"<strong&gt;Associacao Check-in Cooperacao e Desenvolvimento<\/strong&gt;\"\/><\/figure><div class=\"wp-block-coblocks-author__content\"><span class=\"wp-block-coblocks-author__name\"><strong>Associacao Check-in Cooperacao e Desenvolvimento<\/strong><\/span><p class=\"wp-block-coblocks-author__biography\">A Associa\u00e7\u00e3o Check-IN &#8211; Coopera\u00e7\u00e3o e Desenvolvimento \u00e9 uma organiza\u00e7\u00e3o sem fins lucrativos, fundada em 2010, com sede em Beja e tamb\u00e9m a operar a partir de Lisboa, em Portugal. Trabalha em estreita colabora\u00e7\u00e3o com entidades p\u00fablicas e privadas, participando ativamente em atividades de melhoria da qualidade de vida. A nossa organiza\u00e7\u00e3o centra-se principalmente na mobilidade de jovens e adultos, educa\u00e7\u00e3o n\u00e3o formal, coopera\u00e7\u00e3o e desenvolvimento de organiza\u00e7\u00f5es e indiv\u00edduos e a partilha global de conhecimentos, atrav\u00e9s do apoio a iniciativas de coopera\u00e7\u00e3o europeias. Nossas atividades incluem workshops, semin\u00e1rios, atividades de forma\u00e7\u00e3o de equipes e cursos de treinamento. Trabalhamos diretamente com projetos KA1, KA2 e Esportes no \u00e2mbito do Programa Erasmus +; Programa Europa para os Cidad\u00e3os do Corpo Europeu de Solidariedade e Programa Horizonte 2020 da Comiss\u00e3o Europeia. A Associa\u00e7\u00e3o Check-IN \u00e9 tamb\u00e9m Centro Multiplicador Eurodesk em Lisboa e Beja e membro da Funda\u00e7\u00e3o Anna Lindh e Funda\u00e7\u00e3o Europeia da Juventude. <br\/><\/p>\r\n<div class=\"wp-block-button\"><a class=\"wp-block-button__link\" href=\"http:\/\/www.checkin.org.pt\" target=\"_blank\" rel=\"noreferrer noopener\">checkin.org.pt<\/a><\/div>\r\n<\/div><\/div>\r\n\r\n\r\n\r\n<div class=\"wp-block-coblocks-author has-background has-white-background-color has-normal-font-size\"><figure class=\"wp-block-coblocks-author__avatar\"><img decoding=\"async\" class=\"wp-block-coblocks-author__avatar-img\" src=\"https:\/\/www.actinyouth.eu\/wp-content\/uploads\/2021\/06\/Iasis_Logo-white-back.png\" alt=\"<strong&gt;Iasis<\/strong&gt;\"\/><\/figure><div class=\"wp-block-coblocks-author__content\"><span class=\"wp-block-coblocks-author__name\"><strong>Iasis<\/strong><\/span><p class=\"wp-block-coblocks-author__biography\">A IASIS ONG \u00e9 uma organiza\u00e7\u00e3o n\u00e3o governamental, sem fins lucrativos, com atividade na \u00e1rea da Inclus\u00e3o Social e Sa\u00fade Mental, que participa ativamente na reforma psiqui\u00e1trica promovida pelo Minist\u00e9rio da Sa\u00fade e da Solidariedade Social e pela Uni\u00e3o Europeia.\u00a0 A IASIS tem um registro oficial como Organiza\u00e7\u00e3o Privada Sem Fins Lucrativos e um Registro Especial em Listas de Organiza\u00e7\u00f5es N\u00e3o Governamentais Volunt\u00e1rias que s\u00e3o administradas pela Dire\u00e7\u00e3o Geral de Bem-estar. A organiza\u00e7\u00e3o tamb\u00e9m possui um Sistema de Compet\u00eancias de Gest\u00e3o certificado pela Secretaria de Estado da Sa\u00fade e Solidariedade Social. O principal objetivo da organiza\u00e7\u00e3o \u00e9 fornecer apoio psicossocial e educativo a pessoas que pertencem na mesma faixa ou est\u00e3o em risco de exclus\u00e3o, e a adultos no campo humanit\u00e1rio.<br\/><\/p>\r\n<div class=\"wp-block-button\"><a class=\"wp-block-button__link\" href=\"http:\/\/www.iasismed.eu\" target=\"_blank\" rel=\"noreferrer noopener\">iasismed.eu<\/a><\/div>\r\n<\/div><\/div>\r\n\r\n\r\n\r\n<div class=\"wp-block-coblocks-author has-background has-white-background-color has-normal-font-size\"><figure class=\"wp-block-coblocks-author__avatar\"><img decoding=\"async\" class=\"wp-block-coblocks-author__avatar-img\" src=\"https:\/\/www.actinyouth.eu\/wp-content\/uploads\/2021\/06\/Colecticbaseline_1_fons_blanc_250_.png\" alt=\"<strong&gt;Colectic, SCCL<\/strong&gt;\"\/><\/figure><div class=\"wp-block-coblocks-author__content\"><span class=\"wp-block-coblocks-author__name\"><strong>Colectic, SCCL<\/strong><\/span><p class=\"wp-block-coblocks-author__biography\">Colectic \u00e9 uma cooperativa sem fins lucrativos localizada em Barcelona, com mais de 25 anos de experi\u00eancia. Foi fundada por um grupo de educadores em 1992 com o objetivo de trabalhar com os jovens do bairro Raval de Barcelona. A principal miss\u00e3o da Colectic \u00e9 trabalhar pela transforma\u00e7\u00e3o social por meio da participa\u00e7\u00e3o, aprendizagem e socializa\u00e7\u00e3o das TIC. Trabalhamos com a tecnologia para melhorar a situa\u00e7\u00e3o de comunidades e grupos de cidad\u00e3os, com aten\u00e7\u00e3o especial para os grupos com menos oportunidades: jovens, crian\u00e7as, mulheres, imigrantes, bairros de baixa renda econ\u00f4mica, etc. O Colectic tamb\u00e9m atua nas habilidades sociais e di\u00e1logo intercultural com nossos participantes. A Colectic conta com uma equipe multidisciplinar de 21 profissionais atuando em projetos relacionados \u00e0 comunica\u00e7\u00e3o, educa\u00e7\u00e3o, treinamento, inova\u00e7\u00e3o social, desenvolvimento de sites e suporte de TI para ONGs, escolas de ensino fundamental e m\u00e9dio, capacita\u00e7\u00e3o, comunidade e redes. https:\/\/colectic.coop\/<br\/><\/p>\r\n<div class=\"wp-block-button\"><a class=\"wp-block-button__link\" href=\"https:\/\/colectic.coop\" target=\"_blank\" rel=\"noreferrer noopener\">colectic.coop<\/a><\/div>\r\n<\/div><\/div>\r\n\r\n\r\n\r\n<p><\/p>\r\n","protected":false},"excerpt":{"rendered":"<p>O projeto \u00e9 realizado de forma transnacional reconhecendo que a troca das diferentes experi\u00eancias enriquecer\u00e1 os resultados (tang\u00edveis e intang\u00edveis) do projeto de um ponto de vista multidimensional, garantido tamb\u00e9m pela complementaridade dos parceiros. Coonhe\u00e7a as prganiza\u00e7\u00f5es parceiras:<\/p>\n","protected":false},"author":1,"featured_media":0,"parent":0,"menu_order":0,"comment_status":"closed","ping_status":"closed","template":"","meta":{"_coblocks_attr":"","_coblocks_dimensions":"","_coblocks_responsive_height":"","_coblocks_accordion_ie_support":"","footnotes":""},"class_list":["post-391","page","type-page","status-publish","hentry"],"translation":{"provider":"WPGlobus","version":"3.0.2","language":"pt","enabled_languages":["en","es","ca","el","bg","it","pt","nl"],"languages":{"en":{"title":true,"content":true,"excerpt":false},"es":{"title":true,"content":true,"excerpt":false},"ca":{"title":true,"content":true,"excerpt":false},"el":{"title":true,"content":true,"excerpt":false},"bg":{"title":true,"content":true,"excerpt":false},"it":{"title":true,"content":true,"excerpt":false},"pt":{"title":true,"content":true,"excerpt":false},"nl":{"title":true,"content":true,"excerpt":false}}},"_links":{"self":[{"href":"https:\/\/www.actinyouth.eu\/pt\/wp-json\/wp\/v2\/pages\/391","targetHints":{"allow":["GET"]}}],"collection":[{"href":"https:\/\/www.actinyouth.eu\/pt\/wp-json\/wp\/v2\/pages"}],"about":[{"href":"https:\/\/www.actinyouth.eu\/pt\/wp-json\/wp\/v2\/types\/page"}],"author":[{"embeddable":true,"href":"https:\/\/www.actinyouth.eu\/pt\/wp-json\/wp\/v2\/users\/1"}],"replies":[{"embeddable":true,"href":"https:\/\/www.actinyouth.eu\/pt\/wp-json\/wp\/v2\/comments?post=391"}],"version-history":[{"count":32,"href":"https:\/\/www.actinyouth.eu\/pt\/wp-json\/wp\/v2\/pages\/391\/revisions"}],"predecessor-version":[{"id":1161,"href":"https:\/\/www.actinyouth.eu\/pt\/wp-json\/wp\/v2\/pages\/391\/revisions\/1161"}],"wp:attachment":[{"href":"https:\/\/www.actinyouth.eu\/pt\/wp-json\/wp\/v2\/media?parent=391"}],"curies":[{"name":"wp","href":"https:\/\/api.w.org\/{rel}","templated":true}]}}