{"id":553,"date":"2021-06-17T08:15:09","date_gmt":"2021-06-17T07:15:09","guid":{"rendered":"https:\/\/www.actinyouth.eu\/?page_id=553"},"modified":"2023-08-07T13:17:51","modified_gmt":"2023-08-07T12:17:51","slug":"the-e-learning-space","status":"publish","type":"page","link":"https:\/\/www.actinyouth.eu\/pt\/the-e-learning-space\/","title":{"rendered":"O espa\u00e7o e-learning"},"content":{"rendered":"<p>&nbsp;<\/p>\r\n\r\n<figure class=\"wp-block-image alignright size-full is-resized is-style-default mb-0\"><img loading=\"lazy\" decoding=\"async\" class=\"wp-image-554\" src=\"https:\/\/www.actinyouth.eu\/wp-content\/uploads\/2021\/06\/interactive-6300483_1920.jpg\" alt=\"\" width=\"480\" height=\"321\" srcset=\"https:\/\/www.actinyouth.eu\/wp-content\/uploads\/2021\/06\/interactive-6300483_1920.jpg 1920w, https:\/\/www.actinyouth.eu\/wp-content\/uploads\/2021\/06\/interactive-6300483_1920-300x200.jpg 300w, https:\/\/www.actinyouth.eu\/wp-content\/uploads\/2021\/06\/interactive-6300483_1920-1024x684.jpg 1024w, https:\/\/www.actinyouth.eu\/wp-content\/uploads\/2021\/06\/interactive-6300483_1920-768x513.jpg 768w, https:\/\/www.actinyouth.eu\/wp-content\/uploads\/2021\/06\/interactive-6300483_1920-1536x1026.jpg 1536w\" sizes=\"auto, (max-width: 480px) 100vw, 480px\" \/>\r\n<figcaption class=\"wp-element-caption\">Imagem de\u00a0<a href=\"https:\/\/pixabay.com\/es\/users\/geralt-9301\/?utm_source=link-attribution&amp;utm_medium=referral&amp;utm_campaign=image&amp;utm_content=6300483\">Gerd Altmann<\/a>\u00a0no\u00a0<a href=\"https:\/\/pixabay.com\/es\/?utm_source=link-attribution&amp;utm_medium=referral&amp;utm_campaign=image&amp;utm_content=6300483\">Pixabay<\/a>\u00a0<\/figcaption>\r\n<\/figure>\r\n\r\n\r\n\r\n<p>Estamos a construir o espa\u00e7o de e-learning <a href=\"https:\/\/training.actinyouth.eu\/\" data-type=\"URL\" data-id=\"https:\/\/training.actinyouth.eu\/\">ACTin&#8217;YOUth<\/a>.<\/p>\r\n\r\n\r\n\r\n<p>Um local onde os participantes (t\u00e9cnicos de juventude e jovens) ter\u00e3o a oportunidade de obter todos os materiais de aprendizagem recolhidos e produzidos para os diferentes grupos-alvo.<\/p>\r\n\r\n\r\n\r\n<p>Uma \u201ce-incubadora\u201d, que ser\u00e1 um espa\u00e7o colaborativo e informativo de intera\u00e7\u00e3o e troca de informa\u00e7\u00f5es sobre as boas pr\u00e1ticas e as atividades relacionadas com a aprendizagem e comunica\u00e7\u00e3o intercultural; A incubadora de cultura visa compartilhar a informa\u00e7\u00e3o sobre quest\u00f5es culturais entre jovens estrangeiros e locais e tamb\u00e9m a equipa de forma\u00e7\u00e3o &#8211; de forma a fornecer-lhes a informa\u00e7\u00e3o e oferecer um local para partilhar conte\u00fado para aprendizagem entre pares.<\/p>\r\n\r\n\r\n\r\n<p>Uma ferramenta de sess\u00e3o ao vivo, que permitir\u00e1 aos participantes acompanhar os workshops de teatro a n\u00edvel transnacional, para que tanto a LTTA como as workshops locais possam ser transmitidos ao vivo, garantindo assim uma forte interconex\u00e3o entre os grupos locais de participantes.<\/p>\r\n\r\n\r\n\r\n<p>Um reposit\u00f3rio eletr\u00f3nico multil\u00edngue para as melhores pr\u00e1ticas recolhidas por parceiros e pelos pr\u00f3prios participantes e materiais do projeto. O reposit\u00f3rio ser\u00e1 organizado e catalogado por meio do desenvolvimento de \u00edndices ad-hoc para filtrar as pesquisas.<\/p>\r\n\r\n\r\n\r\n<p>Uma ferramenta de \u201cscripting digital colaborativo integrado\u201d para coletar e trabalhar com os materiais visuais e de \u00e1udio dos workshops locais, a fim de criar a \u201cPerformance Digital\u201d final.<\/p>\r\n\r\n<p>&nbsp;<\/p>","protected":false},"excerpt":{"rendered":"<p>&nbsp; Estamos a construir o espa\u00e7o de e-learning ACTin&#8217;YOUth. Um local onde os participantes (t\u00e9cnicos de juventude e jovens) ter\u00e3o a oportunidade de obter todos os materiais de aprendizagem recolhidos e produzidos para os diferentes grupos-alvo. Uma \u201ce-incubadora\u201d, que ser\u00e1 um espa\u00e7o colaborativo e informativo de intera\u00e7\u00e3o e troca de informa\u00e7\u00f5es sobre as boas pr\u00e1ticas [&hellip;]<\/p>\n","protected":false},"author":1,"featured_media":0,"parent":0,"menu_order":0,"comment_status":"closed","ping_status":"closed","template":"","meta":{"_coblocks_attr":"","_coblocks_dimensions":"","_coblocks_responsive_height":"","_coblocks_accordion_ie_support":"","footnotes":""},"class_list":["post-553","page","type-page","status-publish","hentry"],"translation":{"provider":"WPGlobus","version":"3.0.2","language":"pt","enabled_languages":["en","es","ca","el","bg","it","pt","nl"],"languages":{"en":{"title":true,"content":true,"excerpt":false},"es":{"title":true,"content":true,"excerpt":false},"ca":{"title":true,"content":true,"excerpt":false},"el":{"title":true,"content":true,"excerpt":false},"bg":{"title":true,"content":true,"excerpt":false},"it":{"title":true,"content":true,"excerpt":false},"pt":{"title":true,"content":true,"excerpt":false},"nl":{"title":true,"content":true,"excerpt":false}}},"_links":{"self":[{"href":"https:\/\/www.actinyouth.eu\/pt\/wp-json\/wp\/v2\/pages\/553","targetHints":{"allow":["GET"]}}],"collection":[{"href":"https:\/\/www.actinyouth.eu\/pt\/wp-json\/wp\/v2\/pages"}],"about":[{"href":"https:\/\/www.actinyouth.eu\/pt\/wp-json\/wp\/v2\/types\/page"}],"author":[{"embeddable":true,"href":"https:\/\/www.actinyouth.eu\/pt\/wp-json\/wp\/v2\/users\/1"}],"replies":[{"embeddable":true,"href":"https:\/\/www.actinyouth.eu\/pt\/wp-json\/wp\/v2\/comments?post=553"}],"version-history":[{"count":25,"href":"https:\/\/www.actinyouth.eu\/pt\/wp-json\/wp\/v2\/pages\/553\/revisions"}],"predecessor-version":[{"id":1272,"href":"https:\/\/www.actinyouth.eu\/pt\/wp-json\/wp\/v2\/pages\/553\/revisions\/1272"}],"wp:attachment":[{"href":"https:\/\/www.actinyouth.eu\/pt\/wp-json\/wp\/v2\/media?parent=553"}],"curies":[{"name":"wp","href":"https:\/\/api.w.org\/{rel}","templated":true}]}}